{"id":4953,"date":"2023-04-24T04:44:41","date_gmt":"2023-04-24T04:44:41","guid":{"rendered":"https:\/\/splendidpalacehotel.com\/iletisim\/"},"modified":"2026-04-09T07:56:45","modified_gmt":"2026-04-09T07:56:45","slug":"contact-us","status":"publish","type":"page","link":"https:\/\/splendidpalacehotel.com\/en\/contact-us\/","title":{"rendered":"Contact Us"},"content":{"rendered":"\t\t<div data-elementor-type=\"wp-page\" data-elementor-id=\"4953\" class=\"elementor elementor-4953 elementor-2495\" data-elementor-post-type=\"page\">\n\t\t\t\t\t\t<section class=\"elementor-section elementor-top-section elementor-element elementor-element-3721c029 elementor-section-height-min-height cs-section-content-fullwidth cs-parallax-on-scroll cs_scroll_y_80 elementor-section-boxed elementor-section-height-default elementor-section-items-middle\" data-id=\"3721c029\" data-element_type=\"section\" data-e-type=\"section\" data-settings=\"{&quot;background_background&quot;:&quot;classic&quot;}\" data-cs-parallax-y=\"80\" style=\"background-image: none;\" data-cs-background-image=\"https:\/\/splendidpalacehotel.com\/wp-content\/uploads\/sp-lobi1-scaled.jpg\" data-cs-background-image-alt-text=\"\">\n\t\t\t\t\t\t\t<div class=\"elementor-background-overlay\"><\/div>\n\t\t\t\t\t\t\t<div class=\"elementor-container elementor-column-gap-no\">\n\t\t\t\t\t<div class=\"elementor-column elementor-col-100 elementor-top-column elementor-element elementor-element-1dd27aea dark-color\" data-id=\"1dd27aea\" data-element_type=\"column\" data-e-type=\"column\">\n\t\t\t<div class=\"elementor-widget-wrap elementor-element-populated\">\n\t\t\t\t\t\t<div class=\"elementor-element elementor-element-510107fc elementor-widget elementor-widget-cs_title\" data-id=\"510107fc\" data-element_type=\"widget\" data-e-type=\"widget\" data-widget_type=\"cs_title.default\">\n\t\t\t\t<div class=\"elementor-widget-container\">\n\t\t\t\t\t\n        <div class=\"cs-title-wrap text-center\">\t            <h1 class=\"cs-title\">\n\t                Contact Us\t            <\/h1>        <\/div>\t\t\t\t<\/div>\n\t\t\t\t<\/div>\n\t\t\t\t\t<\/div>\n\t\t<\/div>\n\t\t\t\t\t<\/div>\n\t\t<\/section>\n\t\t<div class=\"elementor-element elementor-element-69b9d92 e-grid e-con-boxed e-con e-parent\" data-id=\"69b9d92\" data-element_type=\"container\" data-e-type=\"container\">\n\t\t\t\t\t<div class=\"e-con-inner\">\n\t\t\t\t<div class=\"elementor-element elementor-element-65d57b1 elementor-widget elementor-widget-cs_title\" data-id=\"65d57b1\" data-element_type=\"widget\" data-e-type=\"widget\" data-widget_type=\"cs_title.default\">\n\t\t\t\t<div class=\"elementor-widget-container\">\n\t\t\t\t\t\n        <div class=\"cs-title-wrap text-center\">\t            <h4 class=\"cs-title\">\n\t                Group Sales\t            <\/h4>\t            <div class=\"cs-title-text\">\n\t                <p>For reservations of 5 rooms or more, please contact our group sales team.<\/p><p><span class=\"list-content\"><a href=\"tel:+905346934232\">+90 534 693 42 32<\/a><br \/><a style=\"color: #c51a20;\" href=\"mailto:sales@splendidhotel.net\">sales@splendidhotel.net<\/a><\/span><\/p>\t            <\/div>                <div class=\"cs-title-btn\">\n                    <a class=\"button elementor-button-link\" role=\"button\" href=\"https:\/\/splendidpalacehotel.com\/en\/rent-a-palace\/\">\n                        <span class=\"cs-btn-text\">Rent a Palace<\/span>                    <\/a>\n                <\/div>\n                    <\/div>\t\t\t\t<\/div>\n\t\t\t\t<\/div>\n\t\t\t\t<div class=\"elementor-element elementor-element-9fbeda5 elementor-widget elementor-widget-cs_title\" data-id=\"9fbeda5\" data-element_type=\"widget\" data-e-type=\"widget\" data-widget_type=\"cs_title.default\">\n\t\t\t\t<div class=\"elementor-widget-container\">\n\t\t\t\t\t\n        <div class=\"cs-title-wrap text-center\">\t            <h4 class=\"cs-title\">\n\t                Reception\t            <\/h4>\t            <div class=\"cs-title-text\">\n\t                <p>For all inquiries and requests, please contact our reception.<\/p><p><span class=\"list-content\"><a href=\"tel:+905335475743\">+90 533 547 57 43<\/a><br \/><a style=\"color: #c51a20;\" href=\"mailto:reception@splendidhotel.net\">reception@splendidhotel.net <\/a><\/span><\/p>\t            <\/div>                <div class=\"cs-title-btn\">\n                    <a class=\"button elementor-button-link\" role=\"button\" href=\"https:\/\/splendidpalacehotel.com\/en\/gallery\/\">\n                        <span class=\"cs-btn-text\">Gallery<\/span>                    <\/a>\n                <\/div>\n                    <\/div>\t\t\t\t<\/div>\n\t\t\t\t<\/div>\n\t\t\t\t<div class=\"elementor-element elementor-element-e94c490 elementor-widget elementor-widget-cs_title\" data-id=\"e94c490\" data-element_type=\"widget\" data-e-type=\"widget\" data-widget_type=\"cs_title.default\">\n\t\t\t\t<div class=\"elementor-widget-container\">\n\t\t\t\t\t\n        <div class=\"cs-title-wrap text-center\">\t            <h4 class=\"cs-title\">\n\t                Reservations\t            <\/h4>\t            <div class=\"cs-title-text\">\n\t                <p>For individual bookings, please explore our online reservation system.<\/p><p><span class=\"list-content\"><a href=\"tel:+905346934224\">+90 534 693 42 24<\/a><br \/><a style=\"color: #c51a20;\" href=\"mailto:reservations@splendidhotel.net\">reservations@splendidhotel.net<\/a><\/span><\/p>\t            <\/div>                <div class=\"cs-title-btn\">\n                    <a class=\"button elementor-button-link\" role=\"button\" href=\"https:\/\/splendidpalacehotel.com\/en\/room\/bellevue\/\">\n                        <span class=\"cs-btn-text\">Reservations<\/span>                    <\/a>\n                <\/div>\n                    <\/div>\t\t\t\t<\/div>\n\t\t\t\t<\/div>\n\t\t\t\t\t<\/div>\n\t\t\t\t<\/div>\n\t\t<div class=\"elementor-element elementor-element-3a4fee8 e-flex e-con-boxed e-con e-parent\" data-id=\"3a4fee8\" data-element_type=\"container\" data-e-type=\"container\">\n\t\t\t\t\t<div class=\"e-con-inner\">\n\t\t\t\t<div class=\"elementor-element elementor-element-5b583b6 elementor-widget elementor-widget-cs_title\" data-id=\"5b583b6\" data-element_type=\"widget\" data-e-type=\"widget\" data-widget_type=\"cs_title.default\">\n\t\t\t\t<div class=\"elementor-widget-container\">\n\t\t\t\t\t\n        <div class=\"cs-title-wrap text-center\">\t            <h4 class=\"cs-title\">\n\t                Transportation Information\t            <\/h4>\t            <div class=\"cs-title-text\">\n\t                <p>All details regarding transportation to B\u00fcy\u00fckada and <strong>Splendid Palace Hotel<\/strong>.<\/p>\t            <\/div>                <div class=\"cs-title-btn\">\n                    <a class=\"button elementor-button-link\" role=\"button\" href=\"https:\/\/splendidpalacehotel.com\/en\/access-to-buyukada\/\">\n                        <span class=\"cs-btn-text\">Discover<\/span>                    <\/a>\n                <\/div>\n                    <\/div>\t\t\t\t<\/div>\n\t\t\t\t<\/div>\n\t\t\t\t\t<\/div>\n\t\t\t\t<\/div>\n\t\t\t\t<section class=\"elementor-section elementor-top-section elementor-element elementor-element-075d68b elementor-section-boxed elementor-section-height-default elementor-section-height-default elementor-invisible\" data-id=\"075d68b\" data-element_type=\"section\" data-e-type=\"section\" data-settings=\"{&quot;background_background&quot;:&quot;classic&quot;,&quot;animation&quot;:&quot;fadeIn&quot;,&quot;animation_delay&quot;:150}\">\n\t\t\t\t\t\t<div class=\"elementor-container elementor-column-gap-no\">\n\t\t\t\t\t<div class=\"elementor-column elementor-col-50 elementor-top-column elementor-element elementor-element-1a4680f\" data-id=\"1a4680f\" data-element_type=\"column\" data-e-type=\"column\" data-settings=\"{&quot;background_background&quot;:&quot;classic&quot;}\">\n\t\t\t<div class=\"elementor-widget-wrap elementor-element-populated\">\n\t\t\t\t\t\t<div class=\"elementor-element elementor-element-446df4b elementor-widget elementor-widget-spacer\" data-id=\"446df4b\" data-element_type=\"widget\" data-e-type=\"widget\" data-widget_type=\"spacer.default\">\n\t\t\t\t\t\t\t<div class=\"elementor-spacer\">\n\t\t\t<div class=\"elementor-spacer-inner\"><\/div>\n\t\t<\/div>\n\t\t\t\t\t\t<\/div>\n\t\t\t\t\t<\/div>\n\t\t<\/div>\n\t\t\t\t<div class=\"elementor-column elementor-col-50 elementor-top-column elementor-element elementor-element-4e0a982\" data-id=\"4e0a982\" data-element_type=\"column\" data-e-type=\"column\" data-settings=\"{&quot;background_background&quot;:&quot;classic&quot;}\">\n\t\t\t<div class=\"elementor-widget-wrap elementor-element-populated\">\n\t\t\t\t<div class=\"elementor-element elementor-element-2189766 e-con-full e-flex e-con e-child\" data-id=\"2189766\" data-element_type=\"container\" data-e-type=\"container\">\n\t\t\t\t<div class=\"elementor-element elementor-element-aa96436 elementor-widget elementor-widget-html\" data-id=\"aa96436\" data-element_type=\"widget\" data-e-type=\"widget\" data-widget_type=\"html.default\">\n\t\t\t\t\t<iframe src=\"https:\/\/www.google.com\/maps\/embed?pb=!1m14!1m8!1m3!1d754.2353579080751!2d29.125002!3d40.8731595!3m2!1i1024!2i768!4f13.1!3m3!1m2!1s0x14cac184af9338e5%3A0xe6e7d7705e087837!2sB%C3%BCy%C3%BCkada%20Splendid%20Palace%20Hotel!5e0!3m2!1str!2str!4v1772705649098!5m2!1str!2str\" width=\"600\" height=\"450\" style=\"border:0;\" allowfullscreen=\"\" loading=\"lazy\" referrerpolicy=\"no-referrer-when-downgrade\"><\/iframe>\t\t\t\t<\/div>\n\t\t\t\t<\/div>\n\t\t\t\t\t<\/div>\n\t\t<\/div>\n\t\t\t\t\t<\/div>\n\t\t<\/section>\n\t\t\t\t<\/div>\n\t\t","protected":false},"excerpt":{"rendered":"<p>Contact Us Group Sales For reservations of 5 rooms or more, please contact our group sales team. +90 534 693 42 32sales@splendidhotel.net Rent a Palace Reception For all inquiries and requests, please contact our reception. +90 533 547 57 43reception@splendidhotel.net Gallery Reservations For individual bookings, please explore our online reservation system. +90 534 693 42 &#8230;<\/p>\n","protected":false},"author":1,"featured_media":0,"parent":0,"menu_order":0,"comment_status":"closed","ping_status":"closed","template":"template-wide-content.php","meta":{"cozystay_single_page_hide_site_header":"","cozystay_single_page_site_header_source":"","cozystay_single_page_custom_site_header":"0","cozystay_single_page_custom_sticky_site_header":"0","cozystay_single_page_hide_page_title":"on","cozystay_single_page_header_section_size":"","cozystay_single_page_header_background_color":"","cozystay_single_page_header_background_position_x":"center","cozystay_single_page_header_background_position_y":"center","cozystay_single_page_header_background_size":"cover","cozystay_single_page_header_background_repeat":"off","cozystay_single_page_header_background_scroll":"on","cozystay_single_page_header_text_color":"","cozystay_single_page_header_show_breadcrumb":"","cozystay_single_page_site_footer_hide_main":"","cozystay_single_custom_site_footer_main_source":"","cozystay_single_custom_site_footer_main":"0","cozystay_single_page_site_footer_hide_above":"","cozystay_single_custom_site_footer_above_source":"","cozystay_single_custom_site_footer_above":"0","cozystay_single_page_site_footer_hide_instagram":"","cozystay_single_page_site_footer_hide_bottom":"","cozystay_single_custom_mobile_menu_source":"","cozystay_single_custom_mobile_menu":"0","cozystay_single_custom_mobile_menu_animation":"","cozystay_single_custom_mobile_menu_width":"","cozystay_single_custom_mobile_menu_custom_width":375,"footnotes":""},"class_list":["post-4953","page","type-page","status-publish","hentry"],"yoast_head":"<!-- This site is optimized with the Yoast SEO plugin v27.3 - https:\/\/yoast.com\/product\/yoast-seo-wordpress\/ -->\n<title>Contact Us - Splendid Palace Hotel<\/title>\n<meta name=\"robots\" content=\"index, follow, max-snippet:-1, max-image-preview:large, max-video-preview:-1\" \/>\n<link rel=\"canonical\" href=\"https:\/\/splendidpalacehotel.com\/en\/contact-us\/\" \/>\n<meta property=\"og:locale\" content=\"en_US\" \/>\n<meta property=\"og:type\" content=\"article\" \/>\n<meta property=\"og:title\" content=\"Contact Us - Splendid Palace Hotel\" \/>\n<meta property=\"og:description\" content=\"Contact Us Group Sales For reservations of 5 rooms or more, please contact our group sales team. +90 534 693 42 32sales@splendidhotel.net Rent a Palace Reception For all inquiries and requests, please contact our reception. +90 533 547 57 43reception@splendidhotel.net Gallery Reservations For individual bookings, please explore our online reservation system. +90 534 693 42 ...\" \/>\n<meta property=\"og:url\" content=\"https:\/\/splendidpalacehotel.com\/en\/contact-us\/\" \/>\n<meta property=\"og:site_name\" content=\"Splendid Palace Hotel\" \/>\n<meta property=\"article:modified_time\" content=\"2026-04-09T07:56:45+00:00\" \/>\n<meta name=\"twitter:card\" content=\"summary_large_image\" \/>\n<meta name=\"twitter:label1\" content=\"Est. reading time\" \/>\n\t<meta name=\"twitter:data1\" content=\"1 minute\" \/>\n<script type=\"application\/ld+json\" class=\"yoast-schema-graph\">{\"@context\":\"https:\\\/\\\/schema.org\",\"@graph\":[{\"@type\":\"WebPage\",\"@id\":\"https:\\\/\\\/splendidpalacehotel.com\\\/en\\\/contact-us\\\/\",\"url\":\"https:\\\/\\\/splendidpalacehotel.com\\\/en\\\/contact-us\\\/\",\"name\":\"Contact Us - Splendid Palace Hotel\",\"isPartOf\":{\"@id\":\"https:\\\/\\\/splendidpalacehotel.com\\\/en\\\/#website\"},\"datePublished\":\"2023-04-24T04:44:41+00:00\",\"dateModified\":\"2026-04-09T07:56:45+00:00\",\"breadcrumb\":{\"@id\":\"https:\\\/\\\/splendidpalacehotel.com\\\/en\\\/contact-us\\\/#breadcrumb\"},\"inLanguage\":\"en-US\",\"potentialAction\":[{\"@type\":\"ReadAction\",\"target\":[\"https:\\\/\\\/splendidpalacehotel.com\\\/en\\\/contact-us\\\/\"]}]},{\"@type\":\"BreadcrumbList\",\"@id\":\"https:\\\/\\\/splendidpalacehotel.com\\\/en\\\/contact-us\\\/#breadcrumb\",\"itemListElement\":[{\"@type\":\"ListItem\",\"position\":1,\"name\":\"Home\",\"item\":\"https:\\\/\\\/splendidpalacehotel.com\\\/en\\\/\"},{\"@type\":\"ListItem\",\"position\":2,\"name\":\"Contact Us\"}]},{\"@type\":\"WebSite\",\"@id\":\"https:\\\/\\\/splendidpalacehotel.com\\\/en\\\/#website\",\"url\":\"https:\\\/\\\/splendidpalacehotel.com\\\/en\\\/\",\"name\":\"Splendid Palace Hotel\",\"description\":\"Tarihin ve Stilin Bulu\u015ftu\u011fu E\u015fsiz bir Konaklama Deneyimi\",\"publisher\":{\"@id\":\"https:\\\/\\\/splendidpalacehotel.com\\\/en\\\/#organization\"},\"potentialAction\":[{\"@type\":\"SearchAction\",\"target\":{\"@type\":\"EntryPoint\",\"urlTemplate\":\"https:\\\/\\\/splendidpalacehotel.com\\\/en\\\/?s={search_term_string}\"},\"query-input\":{\"@type\":\"PropertyValueSpecification\",\"valueRequired\":true,\"valueName\":\"search_term_string\"}}],\"inLanguage\":\"en-US\"},{\"@type\":\"Organization\",\"@id\":\"https:\\\/\\\/splendidpalacehotel.com\\\/en\\\/#organization\",\"name\":\"Splendid Palace Hotel\",\"url\":\"https:\\\/\\\/splendidpalacehotel.com\\\/en\\\/\",\"logo\":{\"@type\":\"ImageObject\",\"inLanguage\":\"en-US\",\"@id\":\"https:\\\/\\\/splendidpalacehotel.com\\\/en\\\/#\\\/schema\\\/logo\\\/image\\\/\",\"url\":\"https:\\\/\\\/splendidpalacehotel.com\\\/wp-content\\\/uploads\\\/2023\\\/08\\\/sp-main-logo.webp\",\"contentUrl\":\"https:\\\/\\\/splendidpalacehotel.com\\\/wp-content\\\/uploads\\\/2023\\\/08\\\/sp-main-logo.webp\",\"width\":1789,\"height\":1451,\"caption\":\"Splendid Palace Hotel\"},\"image\":{\"@id\":\"https:\\\/\\\/splendidpalacehotel.com\\\/en\\\/#\\\/schema\\\/logo\\\/image\\\/\"}}]}<\/script>\n<!-- \/ Yoast SEO plugin. -->","yoast_head_json":{"title":"Contact Us - Splendid Palace Hotel","robots":{"index":"index","follow":"follow","max-snippet":"max-snippet:-1","max-image-preview":"max-image-preview:large","max-video-preview":"max-video-preview:-1"},"canonical":"https:\/\/splendidpalacehotel.com\/en\/contact-us\/","og_locale":"en_US","og_type":"article","og_title":"Contact Us - Splendid Palace Hotel","og_description":"Contact Us Group Sales For reservations of 5 rooms or more, please contact our group sales team. +90 534 693 42 32sales@splendidhotel.net Rent a Palace Reception For all inquiries and requests, please contact our reception. +90 533 547 57 43reception@splendidhotel.net Gallery Reservations For individual bookings, please explore our online reservation system. +90 534 693 42 ...","og_url":"https:\/\/splendidpalacehotel.com\/en\/contact-us\/","og_site_name":"Splendid Palace Hotel","article_modified_time":"2026-04-09T07:56:45+00:00","twitter_card":"summary_large_image","twitter_misc":{"Est. reading time":"1 minute"},"schema":{"@context":"https:\/\/schema.org","@graph":[{"@type":"WebPage","@id":"https:\/\/splendidpalacehotel.com\/en\/contact-us\/","url":"https:\/\/splendidpalacehotel.com\/en\/contact-us\/","name":"Contact Us - Splendid Palace Hotel","isPartOf":{"@id":"https:\/\/splendidpalacehotel.com\/en\/#website"},"datePublished":"2023-04-24T04:44:41+00:00","dateModified":"2026-04-09T07:56:45+00:00","breadcrumb":{"@id":"https:\/\/splendidpalacehotel.com\/en\/contact-us\/#breadcrumb"},"inLanguage":"en-US","potentialAction":[{"@type":"ReadAction","target":["https:\/\/splendidpalacehotel.com\/en\/contact-us\/"]}]},{"@type":"BreadcrumbList","@id":"https:\/\/splendidpalacehotel.com\/en\/contact-us\/#breadcrumb","itemListElement":[{"@type":"ListItem","position":1,"name":"Home","item":"https:\/\/splendidpalacehotel.com\/en\/"},{"@type":"ListItem","position":2,"name":"Contact Us"}]},{"@type":"WebSite","@id":"https:\/\/splendidpalacehotel.com\/en\/#website","url":"https:\/\/splendidpalacehotel.com\/en\/","name":"Splendid Palace Hotel","description":"Tarihin ve Stilin Bulu\u015ftu\u011fu E\u015fsiz bir Konaklama Deneyimi","publisher":{"@id":"https:\/\/splendidpalacehotel.com\/en\/#organization"},"potentialAction":[{"@type":"SearchAction","target":{"@type":"EntryPoint","urlTemplate":"https:\/\/splendidpalacehotel.com\/en\/?s={search_term_string}"},"query-input":{"@type":"PropertyValueSpecification","valueRequired":true,"valueName":"search_term_string"}}],"inLanguage":"en-US"},{"@type":"Organization","@id":"https:\/\/splendidpalacehotel.com\/en\/#organization","name":"Splendid Palace Hotel","url":"https:\/\/splendidpalacehotel.com\/en\/","logo":{"@type":"ImageObject","inLanguage":"en-US","@id":"https:\/\/splendidpalacehotel.com\/en\/#\/schema\/logo\/image\/","url":"https:\/\/splendidpalacehotel.com\/wp-content\/uploads\/2023\/08\/sp-main-logo.webp","contentUrl":"https:\/\/splendidpalacehotel.com\/wp-content\/uploads\/2023\/08\/sp-main-logo.webp","width":1789,"height":1451,"caption":"Splendid Palace Hotel"},"image":{"@id":"https:\/\/splendidpalacehotel.com\/en\/#\/schema\/logo\/image\/"}}]}},"_links":{"self":[{"href":"https:\/\/splendidpalacehotel.com\/en\/wp-json\/wp\/v2\/pages\/4953","targetHints":{"allow":["GET"]}}],"collection":[{"href":"https:\/\/splendidpalacehotel.com\/en\/wp-json\/wp\/v2\/pages"}],"about":[{"href":"https:\/\/splendidpalacehotel.com\/en\/wp-json\/wp\/v2\/types\/page"}],"author":[{"embeddable":true,"href":"https:\/\/splendidpalacehotel.com\/en\/wp-json\/wp\/v2\/users\/1"}],"replies":[{"embeddable":true,"href":"https:\/\/splendidpalacehotel.com\/en\/wp-json\/wp\/v2\/comments?post=4953"}],"version-history":[{"count":5,"href":"https:\/\/splendidpalacehotel.com\/en\/wp-json\/wp\/v2\/pages\/4953\/revisions"}],"predecessor-version":[{"id":5181,"href":"https:\/\/splendidpalacehotel.com\/en\/wp-json\/wp\/v2\/pages\/4953\/revisions\/5181"}],"wp:attachment":[{"href":"https:\/\/splendidpalacehotel.com\/en\/wp-json\/wp\/v2\/media?parent=4953"}],"curies":[{"name":"wp","href":"https:\/\/api.w.org\/{rel}","templated":true}]}}