{"id":4918,"date":"2026-02-24T12:33:14","date_gmt":"2026-02-24T12:33:14","guid":{"rendered":"https:\/\/splendidpalacehotel.com\/masaj\/"},"modified":"2026-04-09T07:42:36","modified_gmt":"2026-04-09T07:42:36","slug":"massage","status":"publish","type":"page","link":"https:\/\/splendidpalacehotel.com\/en\/massage\/","title":{"rendered":"Massage"},"content":{"rendered":"\t\t<div data-elementor-type=\"wp-page\" data-elementor-id=\"4918\" class=\"elementor elementor-4918 elementor-3612\" data-elementor-post-type=\"page\">\n\t\t\t\t\t\t<section class=\"elementor-section elementor-top-section elementor-element elementor-element-6268a0de elementor-section-height-min-height cs-section-content-fullwidth cs-parallax-on-scroll cs_scroll_y_80 elementor-section-boxed elementor-section-height-default elementor-section-items-middle\" data-id=\"6268a0de\" data-element_type=\"section\" data-e-type=\"section\" data-settings=\"{&quot;background_background&quot;:&quot;classic&quot;}\" data-cs-parallax-y=\"80\" style=\"background-image: none;\" data-cs-background-image=\"https:\/\/splendidpalacehotel.com\/wp-content\/uploads\/2026\/01\/sp-spa-kapak.png\" data-cs-background-image-alt-text=\"\">\n\t\t\t\t\t\t\t<div class=\"elementor-background-overlay\"><\/div>\n\t\t\t\t\t\t\t<div class=\"elementor-container elementor-column-gap-no\">\n\t\t\t\t\t<div class=\"elementor-column elementor-col-100 elementor-top-column elementor-element elementor-element-2be1884c dark-color\" data-id=\"2be1884c\" data-element_type=\"column\" data-e-type=\"column\">\n\t\t\t<div class=\"elementor-widget-wrap elementor-element-populated\">\n\t\t\t\t\t\t<div class=\"elementor-element elementor-element-5e46d3db elementor-widget elementor-widget-cs_title\" data-id=\"5e46d3db\" data-element_type=\"widget\" data-e-type=\"widget\" data-widget_type=\"cs_title.default\">\n\t\t\t\t<div class=\"elementor-widget-container\">\n\t\t\t\t\t\n        <div class=\"cs-title-wrap text-center\">\t            <h1 class=\"cs-title\">\n\t                Massage\t            <\/h1>        <\/div>\t\t\t\t<\/div>\n\t\t\t\t<\/div>\n\t\t\t\t\t<\/div>\n\t\t<\/div>\n\t\t\t\t\t<\/div>\n\t\t<\/section>\n\t\t<div class=\"elementor-element elementor-element-fdec164 e-flex e-con-boxed e-con e-parent\" data-id=\"fdec164\" data-element_type=\"container\" data-e-type=\"container\">\n\t\t\t\t\t<div class=\"e-con-inner\">\n\t\t\t\t<div class=\"elementor-element elementor-element-a99e1c6 elementor-widget elementor-widget-cs_text-editor\" data-id=\"a99e1c6\" data-element_type=\"widget\" data-e-type=\"widget\" data-widget_type=\"cs_text-editor.default\">\n\t\t\t\t<div class=\"elementor-widget-container\">\n\t\t\t\t\t<h2 style=\"text-align: center;\"><strong>Belle \u00c9poque Rituals \u2013 Massage &amp; Aromatherapy Experience<\/strong><\/h2><p style=\"text-align: center;\">Within the refined Belle \u00c9poque ambiance of <strong>Splendid Palace<\/strong>, you are invited to indulge in a bespoke spa experience designed to restore both body and soul. Discover a world of tranquility, balance, and renewal through our exclusive rituals, prepared with 100% natural homemade aromatherapy oils.<\/p><p style=\"text-align: center;\">Inspired by nature and the spirit of the island, each aromatherapy blend awakens the senses while offering deep relaxation:<\/p><h2 style=\"text-align: center;\"><strong>Revive (Energizing \/ Uplifting)<\/strong><\/h2><p style=\"text-align: center;\">Feel the refreshing breeze of Prinkipo mornings with notes of grapefruit, rosemary, juniper berry, and cypress\u2014revitalizing both mind and body.<\/p><h2 style=\"text-align: center;\"><strong>Soothe (Relaxing \/ Calming)<\/strong><\/h2><p style=\"text-align: center;\">Let go of stress with a harmonious blend of ylang ylang, cedarwood, vetiver, lavandin, bergamot, and Roman chamomile, evoking the serenity of the island at dusk.<\/p><h2 style=\"text-align: center;\"><strong>Relief (Muscle Ease \/ Restorative)<\/strong><\/h2><p style=\"text-align: center;\">Relax and renew with a powerful combination of eucalyptus, ginger, mint, and camphor\u2014bringing a sense of lightness inspired by the rhythm of the sea.<\/p><h2 style=\"text-align: center;\"><strong>Splendid (Signature Blend)<\/strong><\/h2><p style=\"text-align: center;\">Our exclusive blend of mimosa and local island herbs offers a refined tribute to Belle \u00c9poque elegance\u2014delivering a timeless and balancing experience.<\/p><p style=\"text-align: center;\">Treat yourself to a moment of luxury, care, and serenity.<\/p><h4 style=\"text-align: center;\"><em><strong>Massage services are available by appointment only. To ensure the best possible experience, we kindly recommend making a reservation in advance of your visit.<\/strong><\/em><\/h4>\t\t\t\t<\/div>\n\t\t\t\t<\/div>\n\t\t\t\t\t<\/div>\n\t\t\t\t<\/div>\n\t\t<div class=\"elementor-element elementor-element-8f468a0 e-con-full e-flex e-con e-child\" data-id=\"8f468a0\" data-element_type=\"container\" data-e-type=\"container\">\n\t\t\t\t<div class=\"elementor-element elementor-element-ae1fac0 elementor-position-inline-start elementor-view-default elementor-widget elementor-widget-icon-box\" data-id=\"ae1fac0\" data-element_type=\"widget\" data-e-type=\"widget\" data-widget_type=\"icon-box.default\">\n\t\t\t\t\t\t\t<div class=\"elementor-icon-box-wrapper\">\n\n\t\t\t\t\t\t<div class=\"elementor-icon-box-icon\">\n\t\t\t\t<span  class=\"elementor-icon\">\n\t\t\t\t<svg aria-hidden=\"true\" class=\"e-font-icon-svg e-fas-phone-alt\" viewBox=\"0 0 512 512\" xmlns=\"http:\/\/www.w3.org\/2000\/svg\"><path d=\"M497.39 361.8l-112-48a24 24 0 0 0-28 6.9l-49.6 60.6A370.66 370.66 0 0 1 130.6 204.11l60.6-49.6a23.94 23.94 0 0 0 6.9-28l-48-112A24.16 24.16 0 0 0 122.6.61l-104 24A24 24 0 0 0 0 48c0 256.5 207.9 464 464 464a24 24 0 0 0 23.4-18.6l24-104a24.29 24.29 0 0 0-14.01-27.6z\"><\/path><\/svg>\t\t\t\t<\/span>\n\t\t\t<\/div>\n\t\t\t\n\t\t\t\t\t\t<div class=\"elementor-icon-box-content\">\n\n\t\t\t\t\t\t\t\t\t<div class=\"elementor-icon-box-title\">\n\t\t\t\t\t\t<span  >\n\t\t\t\t\t\t\tContact Number\t\t\t\t\t\t<\/span>\n\t\t\t\t\t<\/div>\n\t\t\t\t\n\t\t\t\t\t\t\t\t\t<p class=\"elementor-icon-box-description\">\n\t\t\t\t\t\t<a href=\"tel:+905335475743\">+90 533 547 57 43<\/a>\t\t\t\t\t<\/p>\n\t\t\t\t\n\t\t\t<\/div>\n\t\t\t\n\t\t<\/div>\n\t\t\t\t\t\t<\/div>\n\t\t\t\t<div class=\"elementor-element elementor-element-45fe356 elementor-position-inline-start elementor-view-default elementor-widget elementor-widget-icon-box\" data-id=\"45fe356\" data-element_type=\"widget\" data-e-type=\"widget\" data-widget_type=\"icon-box.default\">\n\t\t\t\t\t\t\t<div class=\"elementor-icon-box-wrapper\">\n\n\t\t\t\t\t\t<div class=\"elementor-icon-box-icon\">\n\t\t\t\t<span  class=\"elementor-icon\">\n\t\t\t\t<svg aria-hidden=\"true\" class=\"e-font-icon-svg e-far-envelope\" viewBox=\"0 0 512 512\" xmlns=\"http:\/\/www.w3.org\/2000\/svg\"><path d=\"M464 64H48C21.49 64 0 85.49 0 112v288c0 26.51 21.49 48 48 48h416c26.51 0 48-21.49 48-48V112c0-26.51-21.49-48-48-48zm0 48v40.805c-22.422 18.259-58.168 46.651-134.587 106.49-16.841 13.247-50.201 45.072-73.413 44.701-23.208.375-56.579-31.459-73.413-44.701C106.18 199.465 70.425 171.067 48 152.805V112h416zM48 400V214.398c22.914 18.251 55.409 43.862 104.938 82.646 21.857 17.205 60.134 55.186 103.062 54.955 42.717.231 80.509-37.199 103.053-54.947 49.528-38.783 82.032-64.401 104.947-82.653V400H48z\"><\/path><\/svg>\t\t\t\t<\/span>\n\t\t\t<\/div>\n\t\t\t\n\t\t\t\t\t\t<div class=\"elementor-icon-box-content\">\n\n\t\t\t\t\t\t\t\t\t<div class=\"elementor-icon-box-title\">\n\t\t\t\t\t\t<span  >\n\t\t\t\t\t\t\tE-Ma\u0131l\t\t\t\t\t\t<\/span>\n\t\t\t\t\t<\/div>\n\t\t\t\t\n\t\t\t\t\t\t\t\t\t<p class=\"elementor-icon-box-description\">\n\t\t\t\t\t\t<a href=\"mailto:info@splendidhotel.net\">info@splendidhotel.net<\/a>\n\t\t\t\t\t<\/p>\n\t\t\t\t\n\t\t\t<\/div>\n\t\t\t\n\t\t<\/div>\n\t\t\t\t\t\t<\/div>\n\t\t\t\t<\/div>\n\t\t<div class=\"elementor-element elementor-element-41456b4 e-flex e-con-boxed e-con e-parent\" data-id=\"41456b4\" data-element_type=\"container\" data-e-type=\"container\">\n\t\t\t\t\t<div class=\"e-con-inner\">\n\t\t\t\t<div class=\"elementor-element elementor-element-44ab2e9 elementor-widget elementor-widget-cs_gallery\" data-id=\"44ab2e9\" data-element_type=\"widget\" data-e-type=\"widget\" data-widget_type=\"cs_gallery.default\">\n\t\t\t\t<div class=\"elementor-widget-container\">\n\t\t\t\t\t\n            <div class=\"cs-gallery gap-5 gallery-grid grid-col-3\">\n                <div class=\"cs-gallery-wrap\">                    <div class=\"cs-gallery-item\">                            <a href=\"https:\/\/splendidpalacehotel.com\/wp-content\/uploads\/sp-masaj12.jpg\" data-elementor-open-lightbox=\"yes\" data-elementor-lightbox-slideshow=\"44ab2e9\" data-elementor-lightbox-title=\"Splendid Masaj\" data-e-action-hash=\"#elementor-action%3Aaction%3Dlightbox%26settings%3DeyJpZCI6NDMxNSwidXJsIjoiaHR0cHM6XC9cL3NwbGVuZGlkcGFsYWNlaG90ZWwuY29tXC93cC1jb250ZW50XC91cGxvYWRzXC9zcC1tYXNhajEyLmpwZyIsInNsaWRlc2hvdyI6IjQ0YWIyZTkifQ%3D%3D\" aria-label=\"Image\"><img fetchpriority=\"high\" decoding=\"async\" width=\"1350\" height=\"1688\" src=\"https:\/\/splendidpalacehotel.com\/wp-content\/uploads\/sp-masaj12.jpg\" class=\"attachment-full size-full wp-image-4315\" alt=\"\" srcset=\"https:\/\/splendidpalacehotel.com\/wp-content\/uploads\/sp-masaj12.jpg 1350w, https:\/\/splendidpalacehotel.com\/wp-content\/uploads\/sp-masaj12-240x300.jpg 240w, https:\/\/splendidpalacehotel.com\/wp-content\/uploads\/sp-masaj12-819x1024.jpg 819w, https:\/\/splendidpalacehotel.com\/wp-content\/uploads\/sp-masaj12-768x960.jpg 768w, https:\/\/splendidpalacehotel.com\/wp-content\/uploads\/sp-masaj12-1228x1536.jpg 1228w, https:\/\/splendidpalacehotel.com\/wp-content\/uploads\/sp-masaj12-1200x1500.jpg 1200w, https:\/\/splendidpalacehotel.com\/wp-content\/uploads\/sp-masaj12-780x975.jpg 780w, https:\/\/splendidpalacehotel.com\/wp-content\/uploads\/sp-masaj12-600x750.jpg 600w, https:\/\/splendidpalacehotel.com\/wp-content\/uploads\/sp-masaj12-550x688.jpg 550w, https:\/\/splendidpalacehotel.com\/wp-content\/uploads\/sp-masaj12-370x463.jpg 370w, https:\/\/splendidpalacehotel.com\/wp-content\/uploads\/sp-masaj12-255x319.jpg 255w\" sizes=\"(max-width: 1350px) 100vw, 1350px\" \/><\/a>                    <\/div>                    <div class=\"cs-gallery-item\">                            <a href=\"https:\/\/splendidpalacehotel.com\/wp-content\/uploads\/Sp-masaj10.jpeg\" data-elementor-open-lightbox=\"yes\" data-elementor-lightbox-slideshow=\"44ab2e9\" data-elementor-lightbox-title=\"Splendid Masaj\" data-e-action-hash=\"#elementor-action%3Aaction%3Dlightbox%26settings%3DeyJpZCI6NDMwOCwidXJsIjoiaHR0cHM6XC9cL3NwbGVuZGlkcGFsYWNlaG90ZWwuY29tXC93cC1jb250ZW50XC91cGxvYWRzXC9TcC1tYXNhajEwLmpwZWciLCJzbGlkZXNob3ciOiI0NGFiMmU5In0%3D\" aria-label=\"Image\"><img decoding=\"async\" width=\"1279\" height=\"1600\" src=\"https:\/\/splendidpalacehotel.com\/wp-content\/uploads\/Sp-masaj10.jpeg\" class=\"attachment-full size-full wp-image-4308\" alt=\"\" srcset=\"https:\/\/splendidpalacehotel.com\/wp-content\/uploads\/Sp-masaj10.jpeg 1279w, https:\/\/splendidpalacehotel.com\/wp-content\/uploads\/Sp-masaj10-240x300.jpeg 240w, https:\/\/splendidpalacehotel.com\/wp-content\/uploads\/Sp-masaj10-819x1024.jpeg 819w, https:\/\/splendidpalacehotel.com\/wp-content\/uploads\/Sp-masaj10-768x961.jpeg 768w, https:\/\/splendidpalacehotel.com\/wp-content\/uploads\/Sp-masaj10-1228x1536.jpeg 1228w, https:\/\/splendidpalacehotel.com\/wp-content\/uploads\/Sp-masaj10-1200x1501.jpeg 1200w, https:\/\/splendidpalacehotel.com\/wp-content\/uploads\/Sp-masaj10-780x976.jpeg 780w, https:\/\/splendidpalacehotel.com\/wp-content\/uploads\/Sp-masaj10-600x751.jpeg 600w, https:\/\/splendidpalacehotel.com\/wp-content\/uploads\/Sp-masaj10-550x688.jpeg 550w, https:\/\/splendidpalacehotel.com\/wp-content\/uploads\/Sp-masaj10-370x463.jpeg 370w, https:\/\/splendidpalacehotel.com\/wp-content\/uploads\/Sp-masaj10-255x319.jpeg 255w\" sizes=\"(max-width: 1279px) 100vw, 1279px\" \/><\/a>                    <\/div>                    <div class=\"cs-gallery-item\">                            <a href=\"https:\/\/splendidpalacehotel.com\/wp-content\/uploads\/sp-masaj11.jpg\" data-elementor-open-lightbox=\"yes\" data-elementor-lightbox-slideshow=\"44ab2e9\" data-elementor-lightbox-title=\"Splendid Masaj\" data-e-action-hash=\"#elementor-action%3Aaction%3Dlightbox%26settings%3DeyJpZCI6NDkxOSwidXJsIjoiaHR0cHM6XC9cL3NwbGVuZGlkcGFsYWNlaG90ZWwuY29tXC93cC1jb250ZW50XC91cGxvYWRzXC9zcC1tYXNhajExLmpwZyIsInNsaWRlc2hvdyI6IjQ0YWIyZTkifQ%3D%3D\" aria-label=\"Image\"><img decoding=\"async\" width=\"1350\" height=\"1688\" src=\"https:\/\/splendidpalacehotel.com\/wp-content\/uploads\/sp-masaj11.jpg\" class=\"attachment-full size-full wp-image-4919\" alt=\"\" srcset=\"https:\/\/splendidpalacehotel.com\/wp-content\/uploads\/sp-masaj11.jpg 1350w, https:\/\/splendidpalacehotel.com\/wp-content\/uploads\/sp-masaj11-240x300.jpg 240w, https:\/\/splendidpalacehotel.com\/wp-content\/uploads\/sp-masaj11-819x1024.jpg 819w, https:\/\/splendidpalacehotel.com\/wp-content\/uploads\/sp-masaj11-768x960.jpg 768w, https:\/\/splendidpalacehotel.com\/wp-content\/uploads\/sp-masaj11-1228x1536.jpg 1228w, https:\/\/splendidpalacehotel.com\/wp-content\/uploads\/sp-masaj11-1200x1500.jpg 1200w, https:\/\/splendidpalacehotel.com\/wp-content\/uploads\/sp-masaj11-780x975.jpg 780w, https:\/\/splendidpalacehotel.com\/wp-content\/uploads\/sp-masaj11-600x750.jpg 600w, https:\/\/splendidpalacehotel.com\/wp-content\/uploads\/sp-masaj11-550x688.jpg 550w, https:\/\/splendidpalacehotel.com\/wp-content\/uploads\/sp-masaj11-370x463.jpg 370w, https:\/\/splendidpalacehotel.com\/wp-content\/uploads\/sp-masaj11-255x319.jpg 255w\" sizes=\"(max-width: 1350px) 100vw, 1350px\" \/><\/a>                    <\/div>                <\/div>\n            <\/div>\t\t\t\t<\/div>\n\t\t\t\t<\/div>\n\t\t\t\t\t<\/div>\n\t\t\t\t<\/div>\n\t\t\t\t<\/div>\n\t\t","protected":false},"excerpt":{"rendered":"<p>Massage Belle \u00c9poque Rituals \u2013 Massage &amp; Aromatherapy Experience Within the refined Belle \u00c9poque ambiance of Splendid Palace, you are invited to indulge in a bespoke spa experience designed to restore both body and soul. Discover a world of tranquility, balance, and renewal through our exclusive rituals, prepared with 100% natural homemade aromatherapy oils. Inspired &#8230;<\/p>\n","protected":false},"author":2,"featured_media":0,"parent":0,"menu_order":0,"comment_status":"closed","ping_status":"closed","template":"template-wide-content.php","meta":{"cozystay_single_page_hide_site_header":"","cozystay_single_page_site_header_source":"","cozystay_single_page_custom_site_header":"0","cozystay_single_page_custom_sticky_site_header":"0","cozystay_single_page_hide_page_title":"on","cozystay_single_page_header_section_size":"","cozystay_single_page_header_background_color":"","cozystay_single_page_header_background_position_x":"center","cozystay_single_page_header_background_position_y":"center","cozystay_single_page_header_background_size":"cover","cozystay_single_page_header_background_repeat":"off","cozystay_single_page_header_background_scroll":"on","cozystay_single_page_header_text_color":"","cozystay_single_page_header_show_breadcrumb":"","cozystay_single_page_site_footer_hide_main":"","cozystay_single_custom_site_footer_main_source":"","cozystay_single_custom_site_footer_main":"0","cozystay_single_page_site_footer_hide_above":"","cozystay_single_custom_site_footer_above_source":"","cozystay_single_custom_site_footer_above":"0","cozystay_single_page_site_footer_hide_instagram":"","cozystay_single_page_site_footer_hide_bottom":"","cozystay_single_custom_mobile_menu_source":"","cozystay_single_custom_mobile_menu":"0","cozystay_single_custom_mobile_menu_animation":"","cozystay_single_custom_mobile_menu_width":"","cozystay_single_custom_mobile_menu_custom_width":375,"footnotes":""},"class_list":["post-4918","page","type-page","status-publish","hentry"],"yoast_head":"<!-- This site is optimized with the Yoast SEO plugin v27.3 - https:\/\/yoast.com\/product\/yoast-seo-wordpress\/ -->\n<title>Massage - Splendid Palace Hotel<\/title>\n<meta name=\"robots\" content=\"index, follow, max-snippet:-1, max-image-preview:large, max-video-preview:-1\" \/>\n<link rel=\"canonical\" href=\"https:\/\/splendidpalacehotel.com\/en\/massage\/\" \/>\n<meta property=\"og:locale\" content=\"en_US\" \/>\n<meta property=\"og:type\" content=\"article\" \/>\n<meta property=\"og:title\" content=\"Massage - Splendid Palace Hotel\" \/>\n<meta property=\"og:description\" content=\"Massage Belle \u00c9poque Rituals \u2013 Massage &amp; Aromatherapy Experience Within the refined Belle \u00c9poque ambiance of Splendid Palace, you are invited to indulge in a bespoke spa experience designed to restore both body and soul. Discover a world of tranquility, balance, and renewal through our exclusive rituals, prepared with 100% natural homemade aromatherapy oils. Inspired ...\" \/>\n<meta property=\"og:url\" content=\"https:\/\/splendidpalacehotel.com\/en\/massage\/\" \/>\n<meta property=\"og:site_name\" content=\"Splendid Palace Hotel\" \/>\n<meta property=\"article:modified_time\" content=\"2026-04-09T07:42:36+00:00\" \/>\n<meta property=\"og:image\" content=\"https:\/\/splendidpalacehotel.com\/wp-content\/uploads\/sp-masaj12.jpg\" \/>\n\t<meta property=\"og:image:width\" content=\"1350\" \/>\n\t<meta property=\"og:image:height\" content=\"1688\" \/>\n\t<meta property=\"og:image:type\" content=\"image\/jpeg\" \/>\n<meta name=\"twitter:card\" content=\"summary_large_image\" \/>\n<meta name=\"twitter:label1\" content=\"Est. reading time\" \/>\n\t<meta name=\"twitter:data1\" content=\"2 minutes\" \/>\n<script type=\"application\/ld+json\" class=\"yoast-schema-graph\">{\"@context\":\"https:\\\/\\\/schema.org\",\"@graph\":[{\"@type\":\"WebPage\",\"@id\":\"https:\\\/\\\/splendidpalacehotel.com\\\/en\\\/massage\\\/\",\"url\":\"https:\\\/\\\/splendidpalacehotel.com\\\/en\\\/massage\\\/\",\"name\":\"Massage - Splendid Palace Hotel\",\"isPartOf\":{\"@id\":\"https:\\\/\\\/splendidpalacehotel.com\\\/en\\\/#website\"},\"primaryImageOfPage\":{\"@id\":\"https:\\\/\\\/splendidpalacehotel.com\\\/en\\\/massage\\\/#primaryimage\"},\"image\":{\"@id\":\"https:\\\/\\\/splendidpalacehotel.com\\\/en\\\/massage\\\/#primaryimage\"},\"thumbnailUrl\":\"https:\\\/\\\/splendidpalacehotel.com\\\/wp-content\\\/uploads\\\/sp-masaj12.jpg\",\"datePublished\":\"2026-02-24T12:33:14+00:00\",\"dateModified\":\"2026-04-09T07:42:36+00:00\",\"breadcrumb\":{\"@id\":\"https:\\\/\\\/splendidpalacehotel.com\\\/en\\\/massage\\\/#breadcrumb\"},\"inLanguage\":\"en-US\",\"potentialAction\":[{\"@type\":\"ReadAction\",\"target\":[\"https:\\\/\\\/splendidpalacehotel.com\\\/en\\\/massage\\\/\"]}]},{\"@type\":\"ImageObject\",\"inLanguage\":\"en-US\",\"@id\":\"https:\\\/\\\/splendidpalacehotel.com\\\/en\\\/massage\\\/#primaryimage\",\"url\":\"https:\\\/\\\/splendidpalacehotel.com\\\/wp-content\\\/uploads\\\/sp-masaj12.jpg\",\"contentUrl\":\"https:\\\/\\\/splendidpalacehotel.com\\\/wp-content\\\/uploads\\\/sp-masaj12.jpg\"},{\"@type\":\"BreadcrumbList\",\"@id\":\"https:\\\/\\\/splendidpalacehotel.com\\\/en\\\/massage\\\/#breadcrumb\",\"itemListElement\":[{\"@type\":\"ListItem\",\"position\":1,\"name\":\"Home\",\"item\":\"https:\\\/\\\/splendidpalacehotel.com\\\/en\\\/\"},{\"@type\":\"ListItem\",\"position\":2,\"name\":\"Massage\"}]},{\"@type\":\"WebSite\",\"@id\":\"https:\\\/\\\/splendidpalacehotel.com\\\/en\\\/#website\",\"url\":\"https:\\\/\\\/splendidpalacehotel.com\\\/en\\\/\",\"name\":\"Splendid Palace Hotel\",\"description\":\"Tarihin ve Stilin Bulu\u015ftu\u011fu E\u015fsiz bir Konaklama Deneyimi\",\"publisher\":{\"@id\":\"https:\\\/\\\/splendidpalacehotel.com\\\/en\\\/#organization\"},\"potentialAction\":[{\"@type\":\"SearchAction\",\"target\":{\"@type\":\"EntryPoint\",\"urlTemplate\":\"https:\\\/\\\/splendidpalacehotel.com\\\/en\\\/?s={search_term_string}\"},\"query-input\":{\"@type\":\"PropertyValueSpecification\",\"valueRequired\":true,\"valueName\":\"search_term_string\"}}],\"inLanguage\":\"en-US\"},{\"@type\":\"Organization\",\"@id\":\"https:\\\/\\\/splendidpalacehotel.com\\\/en\\\/#organization\",\"name\":\"Splendid Palace Hotel\",\"url\":\"https:\\\/\\\/splendidpalacehotel.com\\\/en\\\/\",\"logo\":{\"@type\":\"ImageObject\",\"inLanguage\":\"en-US\",\"@id\":\"https:\\\/\\\/splendidpalacehotel.com\\\/en\\\/#\\\/schema\\\/logo\\\/image\\\/\",\"url\":\"https:\\\/\\\/splendidpalacehotel.com\\\/wp-content\\\/uploads\\\/2023\\\/08\\\/sp-main-logo.webp\",\"contentUrl\":\"https:\\\/\\\/splendidpalacehotel.com\\\/wp-content\\\/uploads\\\/2023\\\/08\\\/sp-main-logo.webp\",\"width\":1789,\"height\":1451,\"caption\":\"Splendid Palace Hotel\"},\"image\":{\"@id\":\"https:\\\/\\\/splendidpalacehotel.com\\\/en\\\/#\\\/schema\\\/logo\\\/image\\\/\"}}]}<\/script>\n<!-- \/ Yoast SEO plugin. -->","yoast_head_json":{"title":"Massage - Splendid Palace Hotel","robots":{"index":"index","follow":"follow","max-snippet":"max-snippet:-1","max-image-preview":"max-image-preview:large","max-video-preview":"max-video-preview:-1"},"canonical":"https:\/\/splendidpalacehotel.com\/en\/massage\/","og_locale":"en_US","og_type":"article","og_title":"Massage - Splendid Palace Hotel","og_description":"Massage Belle \u00c9poque Rituals \u2013 Massage &amp; Aromatherapy Experience Within the refined Belle \u00c9poque ambiance of Splendid Palace, you are invited to indulge in a bespoke spa experience designed to restore both body and soul. Discover a world of tranquility, balance, and renewal through our exclusive rituals, prepared with 100% natural homemade aromatherapy oils. Inspired ...","og_url":"https:\/\/splendidpalacehotel.com\/en\/massage\/","og_site_name":"Splendid Palace Hotel","article_modified_time":"2026-04-09T07:42:36+00:00","og_image":[{"width":1350,"height":1688,"url":"https:\/\/splendidpalacehotel.com\/wp-content\/uploads\/sp-masaj12.jpg","type":"image\/jpeg"}],"twitter_card":"summary_large_image","twitter_misc":{"Est. reading time":"2 minutes"},"schema":{"@context":"https:\/\/schema.org","@graph":[{"@type":"WebPage","@id":"https:\/\/splendidpalacehotel.com\/en\/massage\/","url":"https:\/\/splendidpalacehotel.com\/en\/massage\/","name":"Massage - Splendid Palace Hotel","isPartOf":{"@id":"https:\/\/splendidpalacehotel.com\/en\/#website"},"primaryImageOfPage":{"@id":"https:\/\/splendidpalacehotel.com\/en\/massage\/#primaryimage"},"image":{"@id":"https:\/\/splendidpalacehotel.com\/en\/massage\/#primaryimage"},"thumbnailUrl":"https:\/\/splendidpalacehotel.com\/wp-content\/uploads\/sp-masaj12.jpg","datePublished":"2026-02-24T12:33:14+00:00","dateModified":"2026-04-09T07:42:36+00:00","breadcrumb":{"@id":"https:\/\/splendidpalacehotel.com\/en\/massage\/#breadcrumb"},"inLanguage":"en-US","potentialAction":[{"@type":"ReadAction","target":["https:\/\/splendidpalacehotel.com\/en\/massage\/"]}]},{"@type":"ImageObject","inLanguage":"en-US","@id":"https:\/\/splendidpalacehotel.com\/en\/massage\/#primaryimage","url":"https:\/\/splendidpalacehotel.com\/wp-content\/uploads\/sp-masaj12.jpg","contentUrl":"https:\/\/splendidpalacehotel.com\/wp-content\/uploads\/sp-masaj12.jpg"},{"@type":"BreadcrumbList","@id":"https:\/\/splendidpalacehotel.com\/en\/massage\/#breadcrumb","itemListElement":[{"@type":"ListItem","position":1,"name":"Home","item":"https:\/\/splendidpalacehotel.com\/en\/"},{"@type":"ListItem","position":2,"name":"Massage"}]},{"@type":"WebSite","@id":"https:\/\/splendidpalacehotel.com\/en\/#website","url":"https:\/\/splendidpalacehotel.com\/en\/","name":"Splendid Palace Hotel","description":"Tarihin ve Stilin Bulu\u015ftu\u011fu E\u015fsiz bir Konaklama Deneyimi","publisher":{"@id":"https:\/\/splendidpalacehotel.com\/en\/#organization"},"potentialAction":[{"@type":"SearchAction","target":{"@type":"EntryPoint","urlTemplate":"https:\/\/splendidpalacehotel.com\/en\/?s={search_term_string}"},"query-input":{"@type":"PropertyValueSpecification","valueRequired":true,"valueName":"search_term_string"}}],"inLanguage":"en-US"},{"@type":"Organization","@id":"https:\/\/splendidpalacehotel.com\/en\/#organization","name":"Splendid Palace Hotel","url":"https:\/\/splendidpalacehotel.com\/en\/","logo":{"@type":"ImageObject","inLanguage":"en-US","@id":"https:\/\/splendidpalacehotel.com\/en\/#\/schema\/logo\/image\/","url":"https:\/\/splendidpalacehotel.com\/wp-content\/uploads\/2023\/08\/sp-main-logo.webp","contentUrl":"https:\/\/splendidpalacehotel.com\/wp-content\/uploads\/2023\/08\/sp-main-logo.webp","width":1789,"height":1451,"caption":"Splendid Palace Hotel"},"image":{"@id":"https:\/\/splendidpalacehotel.com\/en\/#\/schema\/logo\/image\/"}}]}},"_links":{"self":[{"href":"https:\/\/splendidpalacehotel.com\/en\/wp-json\/wp\/v2\/pages\/4918","targetHints":{"allow":["GET"]}}],"collection":[{"href":"https:\/\/splendidpalacehotel.com\/en\/wp-json\/wp\/v2\/pages"}],"about":[{"href":"https:\/\/splendidpalacehotel.com\/en\/wp-json\/wp\/v2\/types\/page"}],"author":[{"embeddable":true,"href":"https:\/\/splendidpalacehotel.com\/en\/wp-json\/wp\/v2\/users\/2"}],"replies":[{"embeddable":true,"href":"https:\/\/splendidpalacehotel.com\/en\/wp-json\/wp\/v2\/comments?post=4918"}],"version-history":[{"count":7,"href":"https:\/\/splendidpalacehotel.com\/en\/wp-json\/wp\/v2\/pages\/4918\/revisions"}],"predecessor-version":[{"id":5167,"href":"https:\/\/splendidpalacehotel.com\/en\/wp-json\/wp\/v2\/pages\/4918\/revisions\/5167"}],"wp:attachment":[{"href":"https:\/\/splendidpalacehotel.com\/en\/wp-json\/wp\/v2\/media?parent=4918"}],"curies":[{"name":"wp","href":"https:\/\/api.w.org\/{rel}","templated":true}]}}