{"id":4913,"date":"2026-02-25T08:45:00","date_gmt":"2026-02-25T08:45:00","guid":{"rendered":"https:\/\/splendidpalacehotel.com\/gizlilik-politikasi\/"},"modified":"2026-04-09T07:59:01","modified_gmt":"2026-04-09T07:59:01","slug":"privacy-policy","status":"publish","type":"page","link":"https:\/\/splendidpalacehotel.com\/en\/privacy-policy\/","title":{"rendered":"Privacy Policy"},"content":{"rendered":"\t\t<div data-elementor-type=\"wp-page\" data-elementor-id=\"4913\" class=\"elementor elementor-4913 elementor-3696\" data-elementor-post-type=\"page\">\n\t\t\t\t<div class=\"elementor-element elementor-element-225590c8 e-flex e-con-boxed e-con e-parent\" data-id=\"225590c8\" data-element_type=\"container\" data-e-type=\"container\">\n\t\t\t\t\t<div class=\"e-con-inner\">\n\t\t\t\t<div class=\"elementor-element elementor-element-5c51c0b elementor-widget elementor-widget-text-editor\" data-id=\"5c51c0b\" data-element_type=\"widget\" data-e-type=\"widget\" data-widget_type=\"text-editor.default\">\n\t\t\t\t\t\t\t\t\t\n<h2>KULLANIM KO\u015eULLARI<\/h2>\n<p>Splendid Palas sitesini ziyaret etti\u011finiz (ziyaret eden &#8220;kullan\u0131c\u0131&#8221; olarak an\u0131lacakt\u0131r) i\u00e7in te\u015fekk\u00fcr ederiz. Web sitesinin sahibi Splendid Palas, Turyat Turizm Yat\u0131r\u0131m ve Ticaret Limited \u015eT\u0130 (&#8220;Splendid Palas&#8221;) olup, site \u00fczerinde her t\u00fcrl\u00fc kullan\u0131m ve tasarruf yetkisi Splendid Palas&#8217;a aittir. L\u00fctfen siteyi kullanmadan \u00f6nce kullan\u0131m ko\u015fullar\u0131n\u0131 dikkatle okuyunuz. Zira i\u015fbu kullan\u0131m ko\u015fullar\u0131 Splendid Palas ile Kullan\u0131c\u0131 aras\u0131nda bir S\u00f6zle\u015fme h\u00fckm\u00fcndedir.<\/p>\n<p>\u00a0<\/p>\n<p>BU \u015eARTLARIN TAMAMINI VEYA B\u0130R KISMINI KABUL ETM\u0130YORSANIZ BU WEB S\u0130TES\u0130NE ER\u0130\u015eEMEZ VEYA BU WEB S\u0130TES\u0130N\u0130 KULLANAMAZSINIZ. L\u00dcTFEN WEB S\u0130TES\u0130NDEN DERHAL AYRILIN.<\/p>\n<h3>1. GENEL<\/h3>\n<p>&#8220;Splendidhotel.net&#8221; web sitesine (&#8220;web sitesi&#8221; veya &#8220;site&#8221;) eri\u015fim sa\u011flamakla ve siteyi kullanmakla, a\u015fa\u011f\u0131daki Kullan\u0131m Ko\u015fullar\u0131&#8217;n\u0131n ve Kullan\u0131m Ko\u015fullar\u0131&#8217;nda yer alan veya g\u00f6nderme yap\u0131lan t\u00fcm h\u00fck\u00fcm ve ko\u015fullar\u0131n sizi yasal olarak ba\u011flad\u0131\u011f\u0131n\u0131 kabul etmi\u015f say\u0131l\u0131rs\u0131n\u0131z. Splendid Palas, s\u00f6zle\u015fme \u015fartlar\u0131 da dahil olmak \u00fczere, site ve site uzant\u0131lar\u0131nda mevcut her t\u00fcr ko\u015fulu ve bilgiyi \u00f6nceden herhangi bir bildirime gerek duymadan de\u011fi\u015ftirme hakk\u0131n\u0131 sakl\u0131 tutar.<\/p>\n<h3>2. TEL\u0130F HAKKI &amp; M\u00dcLK\u0130YET<\/h3>\n<p>Splendid Palas&#8217;\u0131n web sitesi i\u00e7eri\u011findeki t\u00fcm yay\u0131n haklar\u0131 korunmu\u015ftur. Sitede yer alan g\u00f6r\u00fcnt\u00fclerin, grafiklerin, ses efektlerinin, programlar\u0131n, yaz\u0131l\u0131mlar\u0131n, metinlerin, animasyonlar\u0131n ve sitede yer alan sair di\u011fer ibarelerin yaln\u0131zca ekran \u00fczerinde izlenmesi d\u0131\u015f\u0131nda saklanmas\u0131na, kopyalanmas\u0131na, de\u011fi\u015ftirilmesine ve \u00e7o\u011falt\u0131lmas\u0131na izin verilmemektedir. \u0130nternet dahilinde bahsi ge\u00e7en ve gerekti\u011finde \u00fc\u00e7\u00fcnc\u00fc \u015fah\u0131slar taraf\u0131ndan kullan\u0131lan marka ve \u00fcr\u00fcn i\u015faretleri, s\u0131n\u0131rs\u0131z olarak fikri ve s\u0131nai m\u00fclkiyet haklar\u0131ndaki mevzuat h\u00fck\u00fcmlerine ba\u011fl\u0131d\u0131r. Splendid Palas markas\u0131 ve logosu ve Splendid Palas taraf\u0131ndan taraf\u0131ndan sunulan hizmetler ile ilgili t\u00fcm haklar Splendid Palas&#8217;a aittir. Bu \u00fcr\u00fcnlere ili\u015fkin bu web sitesinde yer alan resim, grafik, video ve metin vb. Splendid Palas&#8217;\u0131n izni olmaks\u0131z\u0131n \u00e7o\u011falt\u0131lamaz, elektronik veya bas\u0131l\u0131 yay\u0131nlarda kullan\u0131lamaz. Splendid Palas, ba\u011fl\u0131 \u015firketleri, i\u015ftirakleri ve\/veya ortaklar\u0131 taraf\u0131ndan sa\u011flanan i\u00e7erikle, web sitesini \u00e7al\u0131\u015ft\u0131rmaya ve yay\u0131nlamaya yarayan yaz\u0131l\u0131mla, verinin web sitesinde derleni\u015fiyle ve web sitesinin d\u00fczeni, dizili\u015fi ve d\u00fczenleni\u015fiyle ilgili telif haklar\u0131 ve t\u00fcm di\u011fer m\u00fclkiyet haklar\u0131 ayr\u0131 ayr\u0131 ve tamamen Splendid Palas&#8217;a aittir. Bu belgede, i\u00e7erik ile ilgili a\u00e7\u0131k bir bi\u00e7imde tan\u0131nmayan t\u00fcm haklar sakl\u0131d\u0131r. Splendid Palas ad\u0131n\u0131n kullan\u0131m\u0131 ve tescili m\u00fcnhas\u0131r olarak Splendid Palas&#8217;a aittir. Splendid Palas ad\u0131n\u0131 ya da buna benzer bir ad\u0131 veya Splendid Palas ad\u0131n\u0131n bir par\u00e7as\u0131n\u0131 ya da Splendid Palas, Turyat Turizm Yat\u0131r\u0131m ve Ticaret Limited \u015eT\u0130\u2019nin sahip oldu\u011fu bir tescilli ticari markay\u0131 kullanan bir \u015firket ad\u0131, yasal ad, ticari ad, alan ad\u0131 veya di\u011fer bir ad, g\u00f6sterge ya da tan\u0131m kullan\u0131lamaz veya kay\u0131t ettirilemez.<\/p>\n<h3>3. T\u0130CAR\u0130 MARKALAR<\/h3>\n<p>Bu sitede Splendid Palas ticari markalar\u0131, logolar\u0131 ve Splendid Palas hizmet markalar\u0131 vard\u0131r. Splendid Palas&#8217;\u0131n a\u00e7\u0131k ve yaz\u0131l\u0131 m\u00fcsadesi olmaks\u0131z\u0131n bu site i\u00e7eri\u011finin veya markalar\u0131n\u0131n herhangi bir \u015fekilde kopyalanmas\u0131 veya kullan\u0131lmas\u0131 yasakt\u0131r. Bununla ilgili Splendid Palas&#8217;\u0131n her t\u00fcrl\u00fc kanuni takip, dava ve \u015fikayet hakk\u0131 sakl\u0131d\u0131r.<\/p>\n<h3>4. T\u0130POGRAF\u0130K HATALAR<\/h3>\n<p>Web sitesinde yay\u0131nlanan ve sunulan hizmetlere ili\u015fikin bir hata olu\u015fmas\u0131 durumunda, Splendid Palas rezervasyon yap\u0131lm\u0131\u015f yada hizmet verilmesi taahh\u00fct edimi\u015f bir servisi sunmay\u0131 reddetme veya iptal etme hakk\u0131na sahiptir. Splendid Palas her durumda sipari\u015fin veya hizmetin bedeli tahsil edilmi\u015f olsun veya olmas\u0131n herhangi bir t\u00fcr rezervasyonu\/sipari\u015fi tamamen yada k\u0131smen reddetme ya da iptal etme hakk\u0131na sahiptir.<\/p>\n<h3>5. S\u00dcRE &amp; FES\u0130H<\/h3>\n<p>Bu h\u00fck\u00fcm ve ko\u015fullar Web Sitesine giri\u015f ve kullan\u0131m an\u0131nda ge\u00e7erlidir. Bu h\u00fck\u00fcm ve ko\u015fullar\u0131n herhangi birisi, herhangi bir nedenle, herhangi bir zamanda, \u00f6nceden haber vermeksizin Splendid Palas taraf\u0131ndan tek tarafl\u0131 olarak de\u011fi\u015ftirilebilir, feshedebilir veya iptal edilebilir.<\/p>\n<h3>6. G\u0130ZL\u0130L\u0130K<\/h3>\n<p>Bu site, sizin hakk\u0131n\u0131zda ki\u015fisel bilgiler toplayabilir, bunlar\u0131 muhafaza edebilir, Splendid Palas grubu b\u00fcnyesindeki di\u011fer web sitelerinde bunlar\u0131 payla\u015fabilir. \u0130dari Merciler, Mahkemeler, Kolluk G\u00fc\u00e7leri ve benzeri yasal ve idari merci ve vas\u0131talar taraf\u0131ndan bu bilgilerin talep edilmesi halinde bu bilgiler ilgili makam ve merciler ile payla\u015f\u0131labilir.<\/p>\n<h3>7. G\u00dcVENL\u0130K<\/h3>\n<p>\u0130nternet \u00fczerindeki bilgi al\u0131\u015f veri\u015fleri g\u00fcvenlik sorunlar\u0131 i\u00e7erebilece\u011finden Splendid Palas, web sitesi kullan\u0131m\u0131ndan, kullan\u0131c\u0131n\u0131n site i\u00e7indeki ileti\u015fiminden, ki\u015fisel ve di\u011fer bilgilerinin g\u00fcvenli\u011fine ili\u015fkin olarak ya da \u00fc\u00e7\u00fcnc\u00fc \u015fah\u0131slar taraf\u0131ndan bilgilerin ele ge\u00e7irilmesine kar\u015f\u0131 teminat vermez, veremez.<\/p>\n<h3>8. SINIRLI SORUMLULUK<\/h3>\n<p>Splendid Palas, web sitesine girilmesi, sitenin ya da sitedeki bilgilerin ve di\u011fer verilerin programlar\u0131n vs. kullan\u0131lmas\u0131 sebebiyle, s\u00f6zle\u015fmenin ihlali, haks\u0131z fiil, ya da ba\u015fkaca sebeplere binaen, do\u011fabilecek do\u011frudan ya da dolayl\u0131 hi\u00e7bir zarardan sorumlu de\u011fildir. Splendid Palas, s\u00f6zle\u015fmenin ihlali, haks\u0131z fiil, ihmal veya di\u011fer sebepler neticesinde; i\u015flemin kesintiye u\u011framas\u0131, hata, ihmal, kesinti hususunda herhangi bir sorumluluk kabul etmez. Bu siteye ya da link verilen sitelere girilmesi ya da sitenin kullan\u0131lmas\u0131 ile Splendid Palas&#8217;\u0131n kullan\u0131m\/ziyaret sonucunda, do\u011fabilecek her t\u00fcr sorumluluktan, mahkeme, avukat \u00fccreti ve di\u011fer masraflar da dahil olmak \u00fczere her t\u00fcr zarar ve talep hakk\u0131ndan muaf tutuldu\u011fu kabul edilmektedir. Splendid Palas, hi\u00e7bir \u015fart alt\u0131nda web sitesini veya web sitenin hizmetlerini, i\u015flevlerini kullanman\u0131zdan veya kullanamaman\u0131zdan, siteye eri\u015fiminizden veya eri\u015fememenizden ya da siteye ve sitede verilen hizmetlere, i\u00e7eriklere veya materyallere ya da i\u015flevlere g\u00fcvenmenizden, hizmetlerin veya bilgilerin sa\u011flanmas\u0131ndan ya da sa\u011flanamamas\u0131ndan kaynaklanan k\u00e2r kay\u0131plar\u0131ndan, telafi masraflar\u0131ndan, do\u011frudan, dolayl\u0131, rastlant\u0131sal, \u00f6zel, dolayl\u0131 veya cezai zararlardan ya da bu zararlar\u0131n olas\u0131l\u0131\u011f\u0131 konusunda bilgi verilmi\u015f olsun ya da olmas\u0131n kullan\u0131m, veri veya k\u00e2r kayb\u0131ndan kaynaklanan y\u00fck\u00fcml\u00fcl\u00fcklerden ve her t\u00fcrl\u00fc y\u00fck\u00fcml\u00fcl\u00fck teorisinden (ihmal dahil olmak \u00fczere) sorumlu olmaz. Splendid Palas&#8217;\u0131n web sitesini veya i\u00e7erikleri g\u00fcncellemek gibi bir sorumlulu\u011fu da bulunmamaktad\u0131r.<\/p>\n<h3>9. FERAGAT<\/h3>\n<p>Splendid Palas web sitesi i\u00e7eri\u011finin veya siteyle ba\u011flant\u0131l\u0131 olan hizmetlerin, i\u00e7eriklerin veya materyallerin do\u011frulu\u011fu, g\u00fcvenirlili\u011fi, kullan\u0131\u015fl\u0131l\u0131\u011f\u0131 hakk\u0131nda herhangi bir taahh\u00fct, garanti veya teminat vermez. Web sitesinin kullan\u0131m\u0131na dair t\u00fcm riskler kullan\u0131c\u0131ya aittir. Splendid Palas, web sitesinin veya sitede yer alan hizmetlerin, i\u00e7eriklerin, materyallerin veya i\u015flevlerin, s\u00fcrekli ve kullan\u0131labilir olaca\u011f\u0131n\u0131, kesintiye u\u011framayaca\u011f\u0131n\u0131 veya hatas\u0131z olaca\u011f\u0131n\u0131, hatalar\u0131n d\u00fczeltilece\u011fini ya da sitenin veya siteyi olu\u015fturan hizmetlerin, i\u00e7eriklerin, materyallerin veya sunucular\u0131n vir\u00fcs veya di\u011fer zararl\u0131 i\u00e7erikler bar\u0131nd\u0131rmad\u0131\u011f\u0131n\u0131 veya do\u011fru ya da tam olduklar\u0131n\u0131 garanti etmez. Kullan\u0131c\u0131 her t\u00fcrl\u00fc gerekli servisin, onar\u0131m\u0131n veya d\u00fczeltmenin t\u00fcm masraflar\u0131n\u0131 pe\u015finen kabul eder. Splendid Palas web sitesinden veya site arac\u0131l\u0131\u011f\u0131 ile sat\u0131n alaca\u011f\u0131n\u0131z \u00fcr\u00fcnlerden veya hizmetlerden memnun kalaca\u011f\u0131n\u0131z\u0131n garantisini hi\u00e7bir zaman vermez. Splendid Palas, \u00fc\u00e7\u00fcnc\u00fc \u015fah\u0131slara vermeniz talep edilebilecek hi\u00e7bir bilginin g\u00fcvenli\u011fi hakk\u0131nda (\u00f6deme ara\u00e7lar\u0131na dair bilgiler ve di\u011fer ki\u015fisel bilgiler dahil olup bunlarla s\u0131n\u0131rl\u0131 de\u011fildir) hi\u00e7bir taahh\u00fct veya garanti vermez. Kullan\u0131c\u0131, \u00fc\u00e7\u00fcnc\u00fc \u015fah\u0131s i\u00e7erikleriyle ilgilli yap\u0131labilecek her t\u00fcrl\u00fc alacak talebinden i\u015fbu anla\u015fmayla feragat eder. Splendid Palas, her zaman kullan\u0131c\u0131ya hizmet vermeyi reddetme, hesaplar\u0131 feshetme, i\u00e7erik \u00e7\u0131karma veya d\u00fczenleme ya da sipari\u015fleri iptal etme hakk\u0131na sahiptir. Splendid Palas web sitesinde yer alan ileti\u015fimin veya bilginin gizlili\u011fini veya \u00f6zelli\u011fini hi\u00e7bir \u015fekilde garanti etmez. Kullan\u0131c\u0131, kullan\u0131m\u0131ndan kaynaklanan t\u00fcm hususlarla ilgili olarak taraf olabilecekleri her t\u00fcr dava veya duru\u015fmalarda (kar\u015f\u0131 davalar dahil)\u2009 yarg\u0131lama haklar\u0131ndan gayrikabili r\u00fccu feragat eder.&#8221;<\/p>\n<h3>10. E-T\u0130CARET<\/h3>\n<p>Splendid Palas web sitesinde de\u011fi\u015fik t\u00fcrde mal veya hizmet sat\u0131n alma imk\u00e2n\u0131 sunabilir. Kullan\u0131c\u0131, web sitesinde mal veya hizmet sat\u0131n almak i\u00e7in sipari\u015f verme \/rezervasyon yapma \/sat\u0131n alma yapmak istedi\u011finde do\u011fru, g\u00fcvenilir, eksiksiz ve tam olarak gerekli ki\u015fisel bilgilerini (ad, soyad, telefon numaras\u0131, kredi kart\u0131 bilgilerini, e-mail adresi ve adresi) bildirmesi gerekmektedir. Splendid Palas&#8217;\u0131n web sitesinde sat\u0131\u015fa sunulan mal veya hizmet listesindeki fiyatlardaki hatalar nedeniyle yanl\u0131\u015f fiyat vermesi veya fiyat bilgilerini yanl\u0131\u015f belirtilmesi hallerinde, Splendid Palas her zaman i\u00e7in verilmesi taahh\u00fct edilen hizmeti iptal etme, geri \u00e7evirme, kabul etmeme hakk\u0131na sahiptir. Web sitesinde belirtilen mal veya hizmetler rezervasyonlarla mevcut veya s\u0131n\u0131rl\u0131 olmas\u0131 halinde mezkur mal veya hizmetlere ait fiyatlar her zaman tek tarafl\u0131 olarak ve hi\u00e7 bir gerek\u00e7e g\u00f6sterilmeden Splendid Palas taraf\u0131ndan de\u011fi\u015ftirilebilir, geri al\u0131nabilir veya iptal edilebilir. Kullan\u0131c\u0131 bu konuda hi\u00e7bir hak va alacak iddia ve talebinde bulunamaz.<\/p>\n<h3>11. UYU\u015eMAZLIKLARIN \u00c7\u00d6Z\u00dcMLENMES\u0130<\/h3>\n<p>Burada yer alan kullan\u0131m ko\u015fullar\u0131 T\u00fcrk Hukukuna tabidir. Bu kullan\u0131m ko\u015fullar\u0131n\u0131n ge\u00e7erlili\u011fi veya varl\u0131\u011f\u0131 ile ilgili olanlar dahil olmak \u00fczere kullan\u0131m ko\u015fullar\u0131 ya da web sitesi kullan\u0131m\u0131 ile ilgili ya da buna ba\u011fl\u0131 olarak ortaya \u00e7\u0131kabilecek her t\u00fcrl\u00fc uyu\u015fmazl\u0131k T\u00fcrk Yasalar\u0131na gore , Istanbul mahkemelerinde ve icra dairelerinde \u00e7\u00f6z\u00fcmlenecektir.<\/p>\n<h3>12. B\u00d6L\u00dcNEB\u0130L\u0130RL\u0130K<\/h3>\n<p>Bu kullan\u0131m \u015fartlar\u0131n\u0131n h\u00fck\u00fcmlerinden herhangi birinin ge\u00e7ersiz ya da uygulanamaz oldu\u011funa karar verilmesi halinde, ge\u00e7ersiz veya uygulanamaz bulunan h\u00fck\u00fcm, as\u0131l h\u00fckm\u00fcn amac\u0131na en yak\u0131n, ge\u00e7erli, uygulanabilir bir h\u00fck\u00fcmle de\u011fi\u015ftirilecek ve kalan h\u00fck\u00fcmler y\u00fcr\u00fcrl\u00fckte kalmaya devam edecektir.<\/p>\n<h3>13. M\u00dcCB\u0130R SEBEPLER<\/h3>\n<p>Do\u011fal afetler, isyan, sava\u015f, grev, ileti\u015fim ve teknik sorunlar, altyap\u0131 ve internet ar\u0131zalar\u0131, elektrik kesintisi ve k\u00f6t\u00fc hava ko\u015fullar\u0131 gibi durumlar m\u00fccbir sebep kabul edilecektir.<\/p>\n<h3>14. MUHTEL\u0130F<\/h3>\n<p>Splendid Palas taraf\u0131ndan bu kullan\u0131m ko\u015fular\u0131n\u0131n herhangi bir b\u00f6l\u00fcm\u00fcn\u00fcn uygulanmamas\u0131, Splendid Palas&#8217;\u0131n bu kullan\u0131m ko\u015fullar\u0131n\u0131 herhangi bir ki\u015finin ge\u00e7mi\u015f ya da gelecekteki eylemleri i\u00e7in uygulama hakk\u0131ndan feragat etmesi anlam\u0131na gelmez.\u0130\u015f bu kullan\u0131m ko\u015fullar\u0131 Splendid Palas ile Kullan\u0131c\u0131 aras\u0131nda bir s\u00f6zle\u015fme h\u00fckm\u00fcnde olup 14 maddeden olu\u015fmaktad\u0131r. Her hakk\u0131 Splendid Palas Otel\u2019e aittir.<\/p>\n\t\t\t\t\t\t\t\t<\/div>\n\t\t\t\t\t<\/div>\n\t\t\t\t<\/div>\n\t\t\t\t<\/div>\n\t\t","protected":false},"excerpt":{"rendered":"<p>KULLANIM KO\u015eULLARI Splendid Palas sitesini ziyaret etti\u011finiz (ziyaret eden &#8220;kullan\u0131c\u0131&#8221; olarak an\u0131lacakt\u0131r) i\u00e7in te\u015fekk\u00fcr ederiz. Web sitesinin sahibi Splendid Palas, Turyat Turizm Yat\u0131r\u0131m ve Ticaret Limited \u015eT\u0130 (&#8220;Splendid Palas&#8221;) olup, site \u00fczerinde her t\u00fcrl\u00fc kullan\u0131m ve tasarruf yetkisi Splendid Palas&#8217;a aittir. L\u00fctfen siteyi kullanmadan \u00f6nce kullan\u0131m ko\u015fullar\u0131n\u0131 dikkatle okuyunuz. Zira i\u015fbu kullan\u0131m ko\u015fullar\u0131 Splendid Palas &#8230;<\/p>\n","protected":false},"author":2,"featured_media":0,"parent":0,"menu_order":0,"comment_status":"closed","ping_status":"closed","template":"","meta":{"cozystay_single_page_hide_site_header":"","cozystay_single_page_site_header_source":"","cozystay_single_page_custom_site_header":"0","cozystay_single_page_custom_sticky_site_header":"0","cozystay_single_page_hide_page_title":"","cozystay_single_page_header_section_size":"","cozystay_single_page_header_background_color":"","cozystay_single_page_header_background_position_x":"center","cozystay_single_page_header_background_position_y":"center","cozystay_single_page_header_background_size":"cover","cozystay_single_page_header_background_repeat":"off","cozystay_single_page_header_background_scroll":"on","cozystay_single_page_header_text_color":"","cozystay_single_page_header_show_breadcrumb":"","cozystay_single_page_site_footer_hide_main":"","cozystay_single_custom_site_footer_main_source":"","cozystay_single_custom_site_footer_main":"0","cozystay_single_page_site_footer_hide_above":"","cozystay_single_custom_site_footer_above_source":"","cozystay_single_custom_site_footer_above":"0","cozystay_single_page_site_footer_hide_instagram":"","cozystay_single_page_site_footer_hide_bottom":"","cozystay_single_custom_mobile_menu_source":"","cozystay_single_custom_mobile_menu":"0","cozystay_single_custom_mobile_menu_animation":"","cozystay_single_custom_mobile_menu_width":"","cozystay_single_custom_mobile_menu_custom_width":375,"footnotes":""},"class_list":["post-4913","page","type-page","status-publish","hentry"],"yoast_head":"<!-- This site is optimized with the Yoast SEO plugin v27.3 - https:\/\/yoast.com\/product\/yoast-seo-wordpress\/ -->\n<title>Privacy Policy - Splendid Palace Hotel<\/title>\n<meta name=\"robots\" content=\"index, follow, max-snippet:-1, max-image-preview:large, max-video-preview:-1\" \/>\n<link rel=\"canonical\" href=\"https:\/\/splendidpalacehotel.com\/en\/privacy-policy\/\" \/>\n<meta property=\"og:locale\" content=\"en_US\" \/>\n<meta property=\"og:type\" content=\"article\" \/>\n<meta property=\"og:title\" content=\"Privacy Policy - Splendid Palace Hotel\" \/>\n<meta property=\"og:description\" content=\"KULLANIM KO\u015eULLARI Splendid Palas sitesini ziyaret etti\u011finiz (ziyaret eden &#8220;kullan\u0131c\u0131&#8221; olarak an\u0131lacakt\u0131r) i\u00e7in te\u015fekk\u00fcr ederiz. Web sitesinin sahibi Splendid Palas, Turyat Turizm Yat\u0131r\u0131m ve Ticaret Limited \u015eT\u0130 (&#8220;Splendid Palas&#8221;) olup, site \u00fczerinde her t\u00fcrl\u00fc kullan\u0131m ve tasarruf yetkisi Splendid Palas&#8217;a aittir. L\u00fctfen siteyi kullanmadan \u00f6nce kullan\u0131m ko\u015fullar\u0131n\u0131 dikkatle okuyunuz. Zira i\u015fbu kullan\u0131m ko\u015fullar\u0131 Splendid Palas ...\" \/>\n<meta property=\"og:url\" content=\"https:\/\/splendidpalacehotel.com\/en\/privacy-policy\/\" \/>\n<meta property=\"og:site_name\" content=\"Splendid Palace Hotel\" \/>\n<meta property=\"article:modified_time\" content=\"2026-04-09T07:59:01+00:00\" \/>\n<meta name=\"twitter:card\" content=\"summary_large_image\" \/>\n<meta name=\"twitter:label1\" content=\"Est. reading time\" \/>\n\t<meta name=\"twitter:data1\" content=\"9 minutes\" \/>\n<script type=\"application\/ld+json\" class=\"yoast-schema-graph\">{\"@context\":\"https:\\\/\\\/schema.org\",\"@graph\":[{\"@type\":\"WebPage\",\"@id\":\"https:\\\/\\\/splendidpalacehotel.com\\\/en\\\/privacy-policy\\\/\",\"url\":\"https:\\\/\\\/splendidpalacehotel.com\\\/en\\\/privacy-policy\\\/\",\"name\":\"Privacy Policy - Splendid Palace Hotel\",\"isPartOf\":{\"@id\":\"https:\\\/\\\/splendidpalacehotel.com\\\/en\\\/#website\"},\"datePublished\":\"2026-02-25T08:45:00+00:00\",\"dateModified\":\"2026-04-09T07:59:01+00:00\",\"breadcrumb\":{\"@id\":\"https:\\\/\\\/splendidpalacehotel.com\\\/en\\\/privacy-policy\\\/#breadcrumb\"},\"inLanguage\":\"en-US\",\"potentialAction\":[{\"@type\":\"ReadAction\",\"target\":[\"https:\\\/\\\/splendidpalacehotel.com\\\/en\\\/privacy-policy\\\/\"]}]},{\"@type\":\"BreadcrumbList\",\"@id\":\"https:\\\/\\\/splendidpalacehotel.com\\\/en\\\/privacy-policy\\\/#breadcrumb\",\"itemListElement\":[{\"@type\":\"ListItem\",\"position\":1,\"name\":\"Home\",\"item\":\"https:\\\/\\\/splendidpalacehotel.com\\\/en\\\/\"},{\"@type\":\"ListItem\",\"position\":2,\"name\":\"Privacy Policy\"}]},{\"@type\":\"WebSite\",\"@id\":\"https:\\\/\\\/splendidpalacehotel.com\\\/en\\\/#website\",\"url\":\"https:\\\/\\\/splendidpalacehotel.com\\\/en\\\/\",\"name\":\"Splendid Palace Hotel\",\"description\":\"Tarihin ve Stilin Bulu\u015ftu\u011fu E\u015fsiz bir Konaklama Deneyimi\",\"publisher\":{\"@id\":\"https:\\\/\\\/splendidpalacehotel.com\\\/en\\\/#organization\"},\"potentialAction\":[{\"@type\":\"SearchAction\",\"target\":{\"@type\":\"EntryPoint\",\"urlTemplate\":\"https:\\\/\\\/splendidpalacehotel.com\\\/en\\\/?s={search_term_string}\"},\"query-input\":{\"@type\":\"PropertyValueSpecification\",\"valueRequired\":true,\"valueName\":\"search_term_string\"}}],\"inLanguage\":\"en-US\"},{\"@type\":\"Organization\",\"@id\":\"https:\\\/\\\/splendidpalacehotel.com\\\/en\\\/#organization\",\"name\":\"Splendid Palace Hotel\",\"url\":\"https:\\\/\\\/splendidpalacehotel.com\\\/en\\\/\",\"logo\":{\"@type\":\"ImageObject\",\"inLanguage\":\"en-US\",\"@id\":\"https:\\\/\\\/splendidpalacehotel.com\\\/en\\\/#\\\/schema\\\/logo\\\/image\\\/\",\"url\":\"https:\\\/\\\/splendidpalacehotel.com\\\/wp-content\\\/uploads\\\/2023\\\/08\\\/sp-main-logo.webp\",\"contentUrl\":\"https:\\\/\\\/splendidpalacehotel.com\\\/wp-content\\\/uploads\\\/2023\\\/08\\\/sp-main-logo.webp\",\"width\":1789,\"height\":1451,\"caption\":\"Splendid Palace Hotel\"},\"image\":{\"@id\":\"https:\\\/\\\/splendidpalacehotel.com\\\/en\\\/#\\\/schema\\\/logo\\\/image\\\/\"}}]}<\/script>\n<!-- \/ Yoast SEO plugin. -->","yoast_head_json":{"title":"Privacy Policy - Splendid Palace Hotel","robots":{"index":"index","follow":"follow","max-snippet":"max-snippet:-1","max-image-preview":"max-image-preview:large","max-video-preview":"max-video-preview:-1"},"canonical":"https:\/\/splendidpalacehotel.com\/en\/privacy-policy\/","og_locale":"en_US","og_type":"article","og_title":"Privacy Policy - Splendid Palace Hotel","og_description":"KULLANIM KO\u015eULLARI Splendid Palas sitesini ziyaret etti\u011finiz (ziyaret eden &#8220;kullan\u0131c\u0131&#8221; olarak an\u0131lacakt\u0131r) i\u00e7in te\u015fekk\u00fcr ederiz. Web sitesinin sahibi Splendid Palas, Turyat Turizm Yat\u0131r\u0131m ve Ticaret Limited \u015eT\u0130 (&#8220;Splendid Palas&#8221;) olup, site \u00fczerinde her t\u00fcrl\u00fc kullan\u0131m ve tasarruf yetkisi Splendid Palas&#8217;a aittir. L\u00fctfen siteyi kullanmadan \u00f6nce kullan\u0131m ko\u015fullar\u0131n\u0131 dikkatle okuyunuz. Zira i\u015fbu kullan\u0131m ko\u015fullar\u0131 Splendid Palas ...","og_url":"https:\/\/splendidpalacehotel.com\/en\/privacy-policy\/","og_site_name":"Splendid Palace Hotel","article_modified_time":"2026-04-09T07:59:01+00:00","twitter_card":"summary_large_image","twitter_misc":{"Est. reading time":"9 minutes"},"schema":{"@context":"https:\/\/schema.org","@graph":[{"@type":"WebPage","@id":"https:\/\/splendidpalacehotel.com\/en\/privacy-policy\/","url":"https:\/\/splendidpalacehotel.com\/en\/privacy-policy\/","name":"Privacy Policy - Splendid Palace Hotel","isPartOf":{"@id":"https:\/\/splendidpalacehotel.com\/en\/#website"},"datePublished":"2026-02-25T08:45:00+00:00","dateModified":"2026-04-09T07:59:01+00:00","breadcrumb":{"@id":"https:\/\/splendidpalacehotel.com\/en\/privacy-policy\/#breadcrumb"},"inLanguage":"en-US","potentialAction":[{"@type":"ReadAction","target":["https:\/\/splendidpalacehotel.com\/en\/privacy-policy\/"]}]},{"@type":"BreadcrumbList","@id":"https:\/\/splendidpalacehotel.com\/en\/privacy-policy\/#breadcrumb","itemListElement":[{"@type":"ListItem","position":1,"name":"Home","item":"https:\/\/splendidpalacehotel.com\/en\/"},{"@type":"ListItem","position":2,"name":"Privacy Policy"}]},{"@type":"WebSite","@id":"https:\/\/splendidpalacehotel.com\/en\/#website","url":"https:\/\/splendidpalacehotel.com\/en\/","name":"Splendid Palace Hotel","description":"Tarihin ve Stilin Bulu\u015ftu\u011fu E\u015fsiz bir Konaklama Deneyimi","publisher":{"@id":"https:\/\/splendidpalacehotel.com\/en\/#organization"},"potentialAction":[{"@type":"SearchAction","target":{"@type":"EntryPoint","urlTemplate":"https:\/\/splendidpalacehotel.com\/en\/?s={search_term_string}"},"query-input":{"@type":"PropertyValueSpecification","valueRequired":true,"valueName":"search_term_string"}}],"inLanguage":"en-US"},{"@type":"Organization","@id":"https:\/\/splendidpalacehotel.com\/en\/#organization","name":"Splendid Palace Hotel","url":"https:\/\/splendidpalacehotel.com\/en\/","logo":{"@type":"ImageObject","inLanguage":"en-US","@id":"https:\/\/splendidpalacehotel.com\/en\/#\/schema\/logo\/image\/","url":"https:\/\/splendidpalacehotel.com\/wp-content\/uploads\/2023\/08\/sp-main-logo.webp","contentUrl":"https:\/\/splendidpalacehotel.com\/wp-content\/uploads\/2023\/08\/sp-main-logo.webp","width":1789,"height":1451,"caption":"Splendid Palace Hotel"},"image":{"@id":"https:\/\/splendidpalacehotel.com\/en\/#\/schema\/logo\/image\/"}}]}},"_links":{"self":[{"href":"https:\/\/splendidpalacehotel.com\/en\/wp-json\/wp\/v2\/pages\/4913","targetHints":{"allow":["GET"]}}],"collection":[{"href":"https:\/\/splendidpalacehotel.com\/en\/wp-json\/wp\/v2\/pages"}],"about":[{"href":"https:\/\/splendidpalacehotel.com\/en\/wp-json\/wp\/v2\/types\/page"}],"author":[{"embeddable":true,"href":"https:\/\/splendidpalacehotel.com\/en\/wp-json\/wp\/v2\/users\/2"}],"replies":[{"embeddable":true,"href":"https:\/\/splendidpalacehotel.com\/en\/wp-json\/wp\/v2\/comments?post=4913"}],"version-history":[{"count":1,"href":"https:\/\/splendidpalacehotel.com\/en\/wp-json\/wp\/v2\/pages\/4913\/revisions"}],"predecessor-version":[{"id":5182,"href":"https:\/\/splendidpalacehotel.com\/en\/wp-json\/wp\/v2\/pages\/4913\/revisions\/5182"}],"wp:attachment":[{"href":"https:\/\/splendidpalacehotel.com\/en\/wp-json\/wp\/v2\/media?parent=4913"}],"curies":[{"name":"wp","href":"https:\/\/api.w.org\/{rel}","templated":true}]}}