{"id":4897,"date":"2026-03-13T06:27:36","date_gmt":"2026-03-13T06:27:36","guid":{"rendered":"https:\/\/splendidpalacehotel.com\/restorant-bar-kafe\/"},"modified":"2026-04-09T08:41:56","modified_gmt":"2026-04-09T08:41:56","slug":"restaurant-bar-cafe","status":"publish","type":"page","link":"https:\/\/splendidpalacehotel.com\/en\/restaurant-bar-cafe\/","title":{"rendered":"RESTAURANT &#8211; BAR &#8211; CAFE"},"content":{"rendered":"\t\t<div data-elementor-type=\"wp-page\" data-elementor-id=\"4897\" class=\"elementor elementor-4897 elementor-4761\" data-elementor-post-type=\"page\">\n\t\t\t\t\t\t<section class=\"elementor-section elementor-top-section elementor-element elementor-element-452d24ca cs-section-content-fullwidth cs-parallax-on-scroll cs_scroll_y_80 elementor-section-boxed elementor-section-height-default elementor-section-height-default\" data-id=\"452d24ca\" data-element_type=\"section\" data-e-type=\"section\" data-settings=\"{&quot;background_background&quot;:&quot;classic&quot;}\" data-cs-parallax-y=\"80\" style=\"background-image: none;\" data-cs-background-image=\"https:\/\/splendidpalacehotel.com\/wp-content\/uploads\/2026\/01\/sp-mualla-kapak-scaled.jpg\" data-cs-background-image-alt-text=\"\">\n\t\t\t\t\t\t\t<div class=\"elementor-background-overlay\"><\/div>\n\t\t\t\t\t\t\t<div class=\"elementor-container elementor-column-gap-no\">\n\t\t\t\t\t<div class=\"elementor-column elementor-col-100 elementor-top-column elementor-element elementor-element-2610ecd9 dark-color\" data-id=\"2610ecd9\" data-element_type=\"column\" data-e-type=\"column\">\n\t\t\t<div class=\"elementor-widget-wrap elementor-element-populated\">\n\t\t\t\t\t\t<div class=\"elementor-element elementor-element-6d2c3b07 elementor-widget elementor-widget-cs_title\" data-id=\"6d2c3b07\" data-element_type=\"widget\" data-e-type=\"widget\" data-widget_type=\"cs_title.default\">\n\t\t\t\t<div class=\"elementor-widget-container\">\n\t\t\t\t\t\n        <div class=\"cs-title-wrap text-center\">\t            <h1 class=\"cs-title\">\n\t                RESTAURANT - BAR - CAFE\t            <\/h1>        <\/div>\t\t\t\t<\/div>\n\t\t\t\t<\/div>\n\t\t\t\t\t<\/div>\n\t\t<\/div>\n\t\t\t\t\t<\/div>\n\t\t<\/section>\n\t\t\t\t<section class=\"elementor-section elementor-top-section elementor-element elementor-element-c7470fb cs-animation-small-offset elementor-section-boxed elementor-section-height-default elementor-section-height-default elementor-invisible\" data-id=\"c7470fb\" data-element_type=\"section\" data-e-type=\"section\" data-settings=\"{&quot;animation&quot;:&quot;fadeInUp&quot;}\">\n\t\t\t\t\t\t<div class=\"elementor-container elementor-column-gap-no\">\n\t\t\t\t\t<div class=\"elementor-column elementor-col-33 elementor-top-column elementor-element elementor-element-40eb1b1\" data-id=\"40eb1b1\" data-element_type=\"column\" data-e-type=\"column\">\n\t\t\t<div class=\"elementor-widget-wrap elementor-element-populated\">\n\t\t\t\t\t\t<div class=\"elementor-element elementor-element-3309019 elementor-widget elementor-widget-cs_call_to_action\" data-id=\"3309019\" data-element_type=\"widget\" data-e-type=\"widget\" data-widget_type=\"cs_call_to_action.default\">\n\t\t\t\t<div class=\"elementor-widget-container\">\n\t\t\t\t\t\n\t\t<div class=\"cs-cta cta-layout-text-normal img-offset-border text-center cta-hover-img-zoom\">\n            <div class=\"cs-cta-wrap\">\t\t                <div class=\"cs-cta-img-wrap\">\n\t\t\t\t\t        <div class=\"cs-cta-img\">\n\t\t\t\t\t            <img fetchpriority=\"high\" decoding=\"async\" width=\"1709\" height=\"2560\" src=\"https:\/\/splendidpalacehotel.com\/wp-content\/uploads\/2026\/01\/sp-mualla-anasayfa-scaled.jpg\" class=\"attachment-full size-full wp-image-2916\" alt=\"\" srcset=\"https:\/\/splendidpalacehotel.com\/wp-content\/uploads\/2026\/01\/sp-mualla-anasayfa-scaled.jpg 1709w, https:\/\/splendidpalacehotel.com\/wp-content\/uploads\/2026\/01\/sp-mualla-anasayfa-200x300.jpg 200w, https:\/\/splendidpalacehotel.com\/wp-content\/uploads\/2026\/01\/sp-mualla-anasayfa-684x1024.jpg 684w, https:\/\/splendidpalacehotel.com\/wp-content\/uploads\/2026\/01\/sp-mualla-anasayfa-768x1150.jpg 768w, https:\/\/splendidpalacehotel.com\/wp-content\/uploads\/2026\/01\/sp-mualla-anasayfa-1026x1536.jpg 1026w, https:\/\/splendidpalacehotel.com\/wp-content\/uploads\/2026\/01\/sp-mualla-anasayfa-1367x2048.jpg 1367w, https:\/\/splendidpalacehotel.com\/wp-content\/uploads\/2026\/01\/sp-mualla-anasayfa-1920x2876.jpg 1920w, https:\/\/splendidpalacehotel.com\/wp-content\/uploads\/2026\/01\/sp-mualla-anasayfa-1440x2157.jpg 1440w, https:\/\/splendidpalacehotel.com\/wp-content\/uploads\/2026\/01\/sp-mualla-anasayfa-1200x1797.jpg 1200w, https:\/\/splendidpalacehotel.com\/wp-content\/uploads\/2026\/01\/sp-mualla-anasayfa-780x1168.jpg 780w, https:\/\/splendidpalacehotel.com\/wp-content\/uploads\/2026\/01\/sp-mualla-anasayfa-600x899.jpg 600w, https:\/\/splendidpalacehotel.com\/wp-content\/uploads\/2026\/01\/sp-mualla-anasayfa-550x824.jpg 550w, https:\/\/splendidpalacehotel.com\/wp-content\/uploads\/2026\/01\/sp-mualla-anasayfa-370x554.jpg 370w, https:\/\/splendidpalacehotel.com\/wp-content\/uploads\/2026\/01\/sp-mualla-anasayfa-255x382.jpg 255w\" sizes=\"(max-width: 1709px) 100vw, 1709px\" \/>\t\t\t\t\t        <\/div>\n\t\t\t\t\t        <div class=\"cs-offset-border\"><\/div>\n\t\t\t\t\t\t<\/div>                <div class=\"cs-cta-overlay\"><\/div>\n                <div class=\"cs-cta-content\">\t\t            <h5 class=\"cs-cta-title cs-title\">\n\t\t                Mualla\t\t            <\/h5>\t\t            <div class=\"cs-cta-text\">\n\t\t                <p>Where chef-crafted flavours meet refined elegance, infused with island flavours, in a graceful and inviting atmosphere.<\/p>\t\t            <\/div>\t                <div class=\"cs-cta-btn\">\n\t                    <a class=\"button cs-btn-underline\" role=\"button\" href=\"https:\/\/splendidpalacehotel.com\/mualla\/\">\n\t                        <span class=\"cs-btn-text\">Discover<\/span>\t                    <\/a>\n\t                <\/div>\t\t\t<\/div>                <a class=\"cs-cta-link\" href=\"https:\/\/splendidpalacehotel.com\/mualla\/\" aria-label=\"Call to Action Link\"><\/a>            <\/div>\n        <\/div>\t\t\t\t<\/div>\n\t\t\t\t<\/div>\n\t\t\t\t\t<\/div>\n\t\t<\/div>\n\t\t\t\t<div class=\"elementor-column elementor-col-33 elementor-top-column elementor-element elementor-element-7817329\" data-id=\"7817329\" data-element_type=\"column\" data-e-type=\"column\">\n\t\t\t<div class=\"elementor-widget-wrap elementor-element-populated\">\n\t\t\t\t\t\t<div class=\"elementor-element elementor-element-c6f931a elementor-widget elementor-widget-cs_call_to_action\" data-id=\"c6f931a\" data-element_type=\"widget\" data-e-type=\"widget\" data-widget_type=\"cs_call_to_action.default\">\n\t\t\t\t<div class=\"elementor-widget-container\">\n\t\t\t\t\t\n\t\t<div class=\"cs-cta cta-layout-text-normal img-offset-border text-center cta-hover-img-zoom\">\n            <div class=\"cs-cta-wrap\">\t\t                <div class=\"cs-cta-img-wrap\">\n\t\t\t\t\t        <div class=\"cs-cta-img\">\n\t\t\t\t\t            <img decoding=\"async\" width=\"1707\" height=\"2560\" src=\"https:\/\/splendidpalacehotel.com\/wp-content\/uploads\/2026\/01\/sp-splendido-anasayfa-scaled.jpg\" class=\"attachment-full size-full wp-image-2917\" alt=\"\" srcset=\"https:\/\/splendidpalacehotel.com\/wp-content\/uploads\/2026\/01\/sp-splendido-anasayfa-scaled.jpg 1707w, https:\/\/splendidpalacehotel.com\/wp-content\/uploads\/2026\/01\/sp-splendido-anasayfa-200x300.jpg 200w, https:\/\/splendidpalacehotel.com\/wp-content\/uploads\/2026\/01\/sp-splendido-anasayfa-683x1024.jpg 683w, https:\/\/splendidpalacehotel.com\/wp-content\/uploads\/2026\/01\/sp-splendido-anasayfa-768x1152.jpg 768w, https:\/\/splendidpalacehotel.com\/wp-content\/uploads\/2026\/01\/sp-splendido-anasayfa-1024x1536.jpg 1024w, https:\/\/splendidpalacehotel.com\/wp-content\/uploads\/2026\/01\/sp-splendido-anasayfa-1365x2048.jpg 1365w, https:\/\/splendidpalacehotel.com\/wp-content\/uploads\/2026\/01\/sp-splendido-anasayfa-1920x2880.jpg 1920w, https:\/\/splendidpalacehotel.com\/wp-content\/uploads\/2026\/01\/sp-splendido-anasayfa-1440x2160.jpg 1440w, https:\/\/splendidpalacehotel.com\/wp-content\/uploads\/2026\/01\/sp-splendido-anasayfa-1200x1800.jpg 1200w, https:\/\/splendidpalacehotel.com\/wp-content\/uploads\/2026\/01\/sp-splendido-anasayfa-780x1170.jpg 780w, https:\/\/splendidpalacehotel.com\/wp-content\/uploads\/2026\/01\/sp-splendido-anasayfa-600x900.jpg 600w, https:\/\/splendidpalacehotel.com\/wp-content\/uploads\/2026\/01\/sp-splendido-anasayfa-550x825.jpg 550w, https:\/\/splendidpalacehotel.com\/wp-content\/uploads\/2026\/01\/sp-splendido-anasayfa-370x555.jpg 370w, https:\/\/splendidpalacehotel.com\/wp-content\/uploads\/2026\/01\/sp-splendido-anasayfa-255x383.jpg 255w\" sizes=\"(max-width: 1707px) 100vw, 1707px\" \/>\t\t\t\t\t        <\/div>\n\t\t\t\t\t        <div class=\"cs-offset-border\"><\/div>\n\t\t\t\t\t\t<\/div>                <div class=\"cs-cta-overlay\"><\/div>\n                <div class=\"cs-cta-content\">\t\t            <h5 class=\"cs-cta-title cs-title\">\n\t\t                Splendid'O\t\t            <\/h5>\t\t            <div class=\"cs-cta-text\">\n\t\t                <p>Offering a stylish island escape at any hour of the day, with expertly crafted coffee, delightful desserts, and signature cocktails.<\/p>\t\t            <\/div>\t                <div class=\"cs-cta-btn\">\n\t                    <a class=\"button cs-btn-underline\" role=\"button\" href=\"https:\/\/splendidpalacehotel.com\/en\/splendido\/\">\n\t                        <span class=\"cs-btn-text\">Discover<\/span>\t                    <\/a>\n\t                <\/div>\t\t\t<\/div>                <a class=\"cs-cta-link\" href=\"https:\/\/splendidpalacehotel.com\/en\/splendido\/\" aria-label=\"Call to Action Link\"><\/a>            <\/div>\n        <\/div>\t\t\t\t<\/div>\n\t\t\t\t<\/div>\n\t\t\t\t\t<\/div>\n\t\t<\/div>\n\t\t\t\t<div class=\"elementor-column elementor-col-33 elementor-top-column elementor-element elementor-element-efbed9c\" data-id=\"efbed9c\" data-element_type=\"column\" data-e-type=\"column\">\n\t\t\t<div class=\"elementor-widget-wrap elementor-element-populated\">\n\t\t\t\t\t\t<div class=\"elementor-element elementor-element-d7c234e elementor-widget elementor-widget-cs_call_to_action\" data-id=\"d7c234e\" data-element_type=\"widget\" data-e-type=\"widget\" data-widget_type=\"cs_call_to_action.default\">\n\t\t\t\t<div class=\"elementor-widget-container\">\n\t\t\t\t\t\n\t\t<div class=\"cs-cta cta-layout-text-normal img-offset-border text-center cta-hover-img-zoom\">\n            <div class=\"cs-cta-wrap\">\t\t                <div class=\"cs-cta-img-wrap\">\n\t\t\t\t\t        <div class=\"cs-cta-img\">\n\t\t\t\t\t            <img decoding=\"async\" width=\"1707\" height=\"2560\" src=\"https:\/\/splendidpalacehotel.com\/wp-content\/uploads\/2026\/01\/sp-red-bar-anasayfa-scaled.jpg\" class=\"attachment-full size-full wp-image-2918\" alt=\"\" srcset=\"https:\/\/splendidpalacehotel.com\/wp-content\/uploads\/2026\/01\/sp-red-bar-anasayfa-scaled.jpg 1707w, https:\/\/splendidpalacehotel.com\/wp-content\/uploads\/2026\/01\/sp-red-bar-anasayfa-200x300.jpg 200w, https:\/\/splendidpalacehotel.com\/wp-content\/uploads\/2026\/01\/sp-red-bar-anasayfa-683x1024.jpg 683w, https:\/\/splendidpalacehotel.com\/wp-content\/uploads\/2026\/01\/sp-red-bar-anasayfa-768x1152.jpg 768w, https:\/\/splendidpalacehotel.com\/wp-content\/uploads\/2026\/01\/sp-red-bar-anasayfa-1024x1536.jpg 1024w, https:\/\/splendidpalacehotel.com\/wp-content\/uploads\/2026\/01\/sp-red-bar-anasayfa-1365x2048.jpg 1365w, https:\/\/splendidpalacehotel.com\/wp-content\/uploads\/2026\/01\/sp-red-bar-anasayfa-1920x2880.jpg 1920w, https:\/\/splendidpalacehotel.com\/wp-content\/uploads\/2026\/01\/sp-red-bar-anasayfa-1440x2160.jpg 1440w, https:\/\/splendidpalacehotel.com\/wp-content\/uploads\/2026\/01\/sp-red-bar-anasayfa-1200x1800.jpg 1200w, https:\/\/splendidpalacehotel.com\/wp-content\/uploads\/2026\/01\/sp-red-bar-anasayfa-780x1170.jpg 780w, https:\/\/splendidpalacehotel.com\/wp-content\/uploads\/2026\/01\/sp-red-bar-anasayfa-600x900.jpg 600w, https:\/\/splendidpalacehotel.com\/wp-content\/uploads\/2026\/01\/sp-red-bar-anasayfa-550x825.jpg 550w, https:\/\/splendidpalacehotel.com\/wp-content\/uploads\/2026\/01\/sp-red-bar-anasayfa-370x555.jpg 370w, https:\/\/splendidpalacehotel.com\/wp-content\/uploads\/2026\/01\/sp-red-bar-anasayfa-255x383.jpg 255w\" sizes=\"(max-width: 1707px) 100vw, 1707px\" \/>\t\t\t\t\t        <\/div>\n\t\t\t\t\t        <div class=\"cs-offset-border\"><\/div>\n\t\t\t\t\t\t<\/div>                <div class=\"cs-cta-overlay\"><\/div>\n                <div class=\"cs-cta-content\">\t\t            <h5 class=\"cs-cta-title cs-title\">\n\t\t                Red Bar\t\t            <\/h5>\t\t            <div class=\"cs-cta-text\">\n\t\t                <p>Completes a \u201cSplendid\u201d night with a refined selection of premium spirits, creative cocktails, and a vibrant, sophisticated ambiance.<\/p>\t\t            <\/div>\t                <div class=\"cs-cta-btn\">\n\t                    <a class=\"button cs-btn-underline\" role=\"button\" href=\"https:\/\/splendidpalacehotel.com\/en\/red-bar\/\">\n\t                        <span class=\"cs-btn-text\">Discover<\/span>\t                    <\/a>\n\t                <\/div>\t\t\t<\/div>                <a class=\"cs-cta-link\" href=\"https:\/\/splendidpalacehotel.com\/en\/red-bar\/\" aria-label=\"Call to Action Link\"><\/a>            <\/div>\n        <\/div>\t\t\t\t<\/div>\n\t\t\t\t<\/div>\n\t\t\t\t\t<\/div>\n\t\t<\/div>\n\t\t\t\t\t<\/div>\n\t\t<\/section>\n\t\t\t\t<\/div>\n\t\t","protected":false},"excerpt":{"rendered":"<p>RESTAURANT &#8211; BAR &#8211; CAFE Mualla Where chef-crafted flavours meet refined elegance, infused with island flavours, in a graceful and inviting atmosphere. Discover Splendid&#8217;O Offering a stylish island escape at any hour of the day, with expertly crafted coffee, delightful desserts, and signature cocktails. Discover Red Bar Completes a \u201cSplendid\u201d night with a refined selection &#8230;<\/p>\n","protected":false},"author":2,"featured_media":0,"parent":0,"menu_order":0,"comment_status":"closed","ping_status":"closed","template":"template-wide-content.php","meta":{"cozystay_single_page_hide_site_header":"","cozystay_single_page_site_header_source":"","cozystay_single_page_custom_site_header":"0","cozystay_single_page_custom_sticky_site_header":"0","cozystay_single_page_hide_page_title":"on","cozystay_single_page_header_section_size":"","cozystay_single_page_header_background_color":"","cozystay_single_page_header_background_position_x":"center","cozystay_single_page_header_background_position_y":"center","cozystay_single_page_header_background_size":"cover","cozystay_single_page_header_background_repeat":"off","cozystay_single_page_header_background_scroll":"on","cozystay_single_page_header_text_color":"","cozystay_single_page_header_show_breadcrumb":"","cozystay_single_page_site_footer_hide_main":"","cozystay_single_custom_site_footer_main_source":"","cozystay_single_custom_site_footer_main":"0","cozystay_single_page_site_footer_hide_above":"","cozystay_single_custom_site_footer_above_source":"","cozystay_single_custom_site_footer_above":"0","cozystay_single_page_site_footer_hide_instagram":"","cozystay_single_page_site_footer_hide_bottom":"","cozystay_single_custom_mobile_menu_source":"","cozystay_single_custom_mobile_menu":"0","cozystay_single_custom_mobile_menu_animation":"","cozystay_single_custom_mobile_menu_width":"","cozystay_single_custom_mobile_menu_custom_width":375,"footnotes":""},"class_list":["post-4897","page","type-page","status-publish","hentry"],"yoast_head":"<!-- This site is optimized with the Yoast SEO plugin v27.3 - https:\/\/yoast.com\/product\/yoast-seo-wordpress\/ -->\n<title>RESTAURANT - BAR - CAFE - Splendid Palace Hotel<\/title>\n<meta name=\"robots\" content=\"index, follow, max-snippet:-1, max-image-preview:large, max-video-preview:-1\" \/>\n<link rel=\"canonical\" href=\"https:\/\/splendidpalacehotel.com\/en\/restaurant-bar-cafe\/\" \/>\n<meta property=\"og:locale\" content=\"en_US\" \/>\n<meta property=\"og:type\" content=\"article\" \/>\n<meta property=\"og:title\" content=\"RESTAURANT - BAR - CAFE - Splendid Palace Hotel\" \/>\n<meta property=\"og:description\" content=\"RESTAURANT &#8211; BAR &#8211; CAFE Mualla Where chef-crafted flavours meet refined elegance, infused with island flavours, in a graceful and inviting atmosphere. Discover Splendid&#8217;O Offering a stylish island escape at any hour of the day, with expertly crafted coffee, delightful desserts, and signature cocktails. Discover Red Bar Completes a \u201cSplendid\u201d night with a refined selection ...\" \/>\n<meta property=\"og:url\" content=\"https:\/\/splendidpalacehotel.com\/en\/restaurant-bar-cafe\/\" \/>\n<meta property=\"og:site_name\" content=\"Splendid Palace Hotel\" \/>\n<meta property=\"article:modified_time\" content=\"2026-04-09T08:41:56+00:00\" \/>\n<meta property=\"og:image\" content=\"https:\/\/splendidpalacehotel.com\/wp-content\/uploads\/2026\/01\/sp-mualla-anasayfa-scaled.jpg\" \/>\n<meta name=\"twitter:card\" content=\"summary_large_image\" \/>\n<meta name=\"twitter:label1\" content=\"Est. reading time\" \/>\n\t<meta name=\"twitter:data1\" content=\"1 minute\" \/>\n<script type=\"application\/ld+json\" class=\"yoast-schema-graph\">{\"@context\":\"https:\\\/\\\/schema.org\",\"@graph\":[{\"@type\":\"WebPage\",\"@id\":\"https:\\\/\\\/splendidpalacehotel.com\\\/en\\\/restaurant-bar-cafe\\\/\",\"url\":\"https:\\\/\\\/splendidpalacehotel.com\\\/en\\\/restaurant-bar-cafe\\\/\",\"name\":\"RESTAURANT - BAR - CAFE - Splendid Palace Hotel\",\"isPartOf\":{\"@id\":\"https:\\\/\\\/splendidpalacehotel.com\\\/en\\\/#website\"},\"primaryImageOfPage\":{\"@id\":\"https:\\\/\\\/splendidpalacehotel.com\\\/en\\\/restaurant-bar-cafe\\\/#primaryimage\"},\"image\":{\"@id\":\"https:\\\/\\\/splendidpalacehotel.com\\\/en\\\/restaurant-bar-cafe\\\/#primaryimage\"},\"thumbnailUrl\":\"https:\\\/\\\/splendidpalacehotel.com\\\/wp-content\\\/uploads\\\/2026\\\/01\\\/sp-mualla-anasayfa-scaled.jpg\",\"datePublished\":\"2026-03-13T06:27:36+00:00\",\"dateModified\":\"2026-04-09T08:41:56+00:00\",\"breadcrumb\":{\"@id\":\"https:\\\/\\\/splendidpalacehotel.com\\\/en\\\/restaurant-bar-cafe\\\/#breadcrumb\"},\"inLanguage\":\"en-US\",\"potentialAction\":[{\"@type\":\"ReadAction\",\"target\":[\"https:\\\/\\\/splendidpalacehotel.com\\\/en\\\/restaurant-bar-cafe\\\/\"]}]},{\"@type\":\"ImageObject\",\"inLanguage\":\"en-US\",\"@id\":\"https:\\\/\\\/splendidpalacehotel.com\\\/en\\\/restaurant-bar-cafe\\\/#primaryimage\",\"url\":\"https:\\\/\\\/splendidpalacehotel.com\\\/wp-content\\\/uploads\\\/2026\\\/01\\\/sp-mualla-anasayfa-scaled.jpg\",\"contentUrl\":\"https:\\\/\\\/splendidpalacehotel.com\\\/wp-content\\\/uploads\\\/2026\\\/01\\\/sp-mualla-anasayfa-scaled.jpg\"},{\"@type\":\"BreadcrumbList\",\"@id\":\"https:\\\/\\\/splendidpalacehotel.com\\\/en\\\/restaurant-bar-cafe\\\/#breadcrumb\",\"itemListElement\":[{\"@type\":\"ListItem\",\"position\":1,\"name\":\"Home\",\"item\":\"https:\\\/\\\/splendidpalacehotel.com\\\/en\\\/\"},{\"@type\":\"ListItem\",\"position\":2,\"name\":\"RESTAURANT &#8211; BAR &#8211; CAFE\"}]},{\"@type\":\"WebSite\",\"@id\":\"https:\\\/\\\/splendidpalacehotel.com\\\/en\\\/#website\",\"url\":\"https:\\\/\\\/splendidpalacehotel.com\\\/en\\\/\",\"name\":\"Splendid Palace Hotel\",\"description\":\"Tarihin ve Stilin Bulu\u015ftu\u011fu E\u015fsiz bir Konaklama Deneyimi\",\"publisher\":{\"@id\":\"https:\\\/\\\/splendidpalacehotel.com\\\/en\\\/#organization\"},\"potentialAction\":[{\"@type\":\"SearchAction\",\"target\":{\"@type\":\"EntryPoint\",\"urlTemplate\":\"https:\\\/\\\/splendidpalacehotel.com\\\/en\\\/?s={search_term_string}\"},\"query-input\":{\"@type\":\"PropertyValueSpecification\",\"valueRequired\":true,\"valueName\":\"search_term_string\"}}],\"inLanguage\":\"en-US\"},{\"@type\":\"Organization\",\"@id\":\"https:\\\/\\\/splendidpalacehotel.com\\\/en\\\/#organization\",\"name\":\"Splendid Palace Hotel\",\"url\":\"https:\\\/\\\/splendidpalacehotel.com\\\/en\\\/\",\"logo\":{\"@type\":\"ImageObject\",\"inLanguage\":\"en-US\",\"@id\":\"https:\\\/\\\/splendidpalacehotel.com\\\/en\\\/#\\\/schema\\\/logo\\\/image\\\/\",\"url\":\"https:\\\/\\\/splendidpalacehotel.com\\\/wp-content\\\/uploads\\\/2023\\\/08\\\/sp-main-logo.webp\",\"contentUrl\":\"https:\\\/\\\/splendidpalacehotel.com\\\/wp-content\\\/uploads\\\/2023\\\/08\\\/sp-main-logo.webp\",\"width\":1789,\"height\":1451,\"caption\":\"Splendid Palace Hotel\"},\"image\":{\"@id\":\"https:\\\/\\\/splendidpalacehotel.com\\\/en\\\/#\\\/schema\\\/logo\\\/image\\\/\"}}]}<\/script>\n<!-- \/ Yoast SEO plugin. -->","yoast_head_json":{"title":"RESTAURANT - BAR - CAFE - Splendid Palace Hotel","robots":{"index":"index","follow":"follow","max-snippet":"max-snippet:-1","max-image-preview":"max-image-preview:large","max-video-preview":"max-video-preview:-1"},"canonical":"https:\/\/splendidpalacehotel.com\/en\/restaurant-bar-cafe\/","og_locale":"en_US","og_type":"article","og_title":"RESTAURANT - BAR - CAFE - Splendid Palace Hotel","og_description":"RESTAURANT &#8211; BAR &#8211; CAFE Mualla Where chef-crafted flavours meet refined elegance, infused with island flavours, in a graceful and inviting atmosphere. Discover Splendid&#8217;O Offering a stylish island escape at any hour of the day, with expertly crafted coffee, delightful desserts, and signature cocktails. Discover Red Bar Completes a \u201cSplendid\u201d night with a refined selection ...","og_url":"https:\/\/splendidpalacehotel.com\/en\/restaurant-bar-cafe\/","og_site_name":"Splendid Palace Hotel","article_modified_time":"2026-04-09T08:41:56+00:00","og_image":[{"url":"https:\/\/splendidpalacehotel.com\/wp-content\/uploads\/2026\/01\/sp-mualla-anasayfa-scaled.jpg","type":"","width":"","height":""}],"twitter_card":"summary_large_image","twitter_misc":{"Est. reading time":"1 minute"},"schema":{"@context":"https:\/\/schema.org","@graph":[{"@type":"WebPage","@id":"https:\/\/splendidpalacehotel.com\/en\/restaurant-bar-cafe\/","url":"https:\/\/splendidpalacehotel.com\/en\/restaurant-bar-cafe\/","name":"RESTAURANT - BAR - CAFE - Splendid Palace Hotel","isPartOf":{"@id":"https:\/\/splendidpalacehotel.com\/en\/#website"},"primaryImageOfPage":{"@id":"https:\/\/splendidpalacehotel.com\/en\/restaurant-bar-cafe\/#primaryimage"},"image":{"@id":"https:\/\/splendidpalacehotel.com\/en\/restaurant-bar-cafe\/#primaryimage"},"thumbnailUrl":"https:\/\/splendidpalacehotel.com\/wp-content\/uploads\/2026\/01\/sp-mualla-anasayfa-scaled.jpg","datePublished":"2026-03-13T06:27:36+00:00","dateModified":"2026-04-09T08:41:56+00:00","breadcrumb":{"@id":"https:\/\/splendidpalacehotel.com\/en\/restaurant-bar-cafe\/#breadcrumb"},"inLanguage":"en-US","potentialAction":[{"@type":"ReadAction","target":["https:\/\/splendidpalacehotel.com\/en\/restaurant-bar-cafe\/"]}]},{"@type":"ImageObject","inLanguage":"en-US","@id":"https:\/\/splendidpalacehotel.com\/en\/restaurant-bar-cafe\/#primaryimage","url":"https:\/\/splendidpalacehotel.com\/wp-content\/uploads\/2026\/01\/sp-mualla-anasayfa-scaled.jpg","contentUrl":"https:\/\/splendidpalacehotel.com\/wp-content\/uploads\/2026\/01\/sp-mualla-anasayfa-scaled.jpg"},{"@type":"BreadcrumbList","@id":"https:\/\/splendidpalacehotel.com\/en\/restaurant-bar-cafe\/#breadcrumb","itemListElement":[{"@type":"ListItem","position":1,"name":"Home","item":"https:\/\/splendidpalacehotel.com\/en\/"},{"@type":"ListItem","position":2,"name":"RESTAURANT &#8211; BAR &#8211; CAFE"}]},{"@type":"WebSite","@id":"https:\/\/splendidpalacehotel.com\/en\/#website","url":"https:\/\/splendidpalacehotel.com\/en\/","name":"Splendid Palace Hotel","description":"Tarihin ve Stilin Bulu\u015ftu\u011fu E\u015fsiz bir Konaklama Deneyimi","publisher":{"@id":"https:\/\/splendidpalacehotel.com\/en\/#organization"},"potentialAction":[{"@type":"SearchAction","target":{"@type":"EntryPoint","urlTemplate":"https:\/\/splendidpalacehotel.com\/en\/?s={search_term_string}"},"query-input":{"@type":"PropertyValueSpecification","valueRequired":true,"valueName":"search_term_string"}}],"inLanguage":"en-US"},{"@type":"Organization","@id":"https:\/\/splendidpalacehotel.com\/en\/#organization","name":"Splendid Palace Hotel","url":"https:\/\/splendidpalacehotel.com\/en\/","logo":{"@type":"ImageObject","inLanguage":"en-US","@id":"https:\/\/splendidpalacehotel.com\/en\/#\/schema\/logo\/image\/","url":"https:\/\/splendidpalacehotel.com\/wp-content\/uploads\/2023\/08\/sp-main-logo.webp","contentUrl":"https:\/\/splendidpalacehotel.com\/wp-content\/uploads\/2023\/08\/sp-main-logo.webp","width":1789,"height":1451,"caption":"Splendid Palace Hotel"},"image":{"@id":"https:\/\/splendidpalacehotel.com\/en\/#\/schema\/logo\/image\/"}}]}},"_links":{"self":[{"href":"https:\/\/splendidpalacehotel.com\/en\/wp-json\/wp\/v2\/pages\/4897","targetHints":{"allow":["GET"]}}],"collection":[{"href":"https:\/\/splendidpalacehotel.com\/en\/wp-json\/wp\/v2\/pages"}],"about":[{"href":"https:\/\/splendidpalacehotel.com\/en\/wp-json\/wp\/v2\/types\/page"}],"author":[{"embeddable":true,"href":"https:\/\/splendidpalacehotel.com\/en\/wp-json\/wp\/v2\/users\/2"}],"replies":[{"embeddable":true,"href":"https:\/\/splendidpalacehotel.com\/en\/wp-json\/wp\/v2\/comments?post=4897"}],"version-history":[{"count":5,"href":"https:\/\/splendidpalacehotel.com\/en\/wp-json\/wp\/v2\/pages\/4897\/revisions"}],"predecessor-version":[{"id":5259,"href":"https:\/\/splendidpalacehotel.com\/en\/wp-json\/wp\/v2\/pages\/4897\/revisions\/5259"}],"wp:attachment":[{"href":"https:\/\/splendidpalacehotel.com\/en\/wp-json\/wp\/v2\/media?parent=4897"}],"curies":[{"name":"wp","href":"https:\/\/api.w.org\/{rel}","templated":true}]}}