{"id":4896,"date":"2026-03-13T06:35:38","date_gmt":"2026-03-13T06:35:38","guid":{"rendered":"https:\/\/splendidpalacehotel.com\/deneyimler\/"},"modified":"2026-04-09T07:46:24","modified_gmt":"2026-04-09T07:46:24","slug":"experience","status":"publish","type":"page","link":"https:\/\/splendidpalacehotel.com\/en\/experience\/","title":{"rendered":"Experience"},"content":{"rendered":"\t\t<div data-elementor-type=\"wp-page\" data-elementor-id=\"4896\" class=\"elementor elementor-4896 elementor-4770\" data-elementor-post-type=\"page\">\n\t\t\t\t\t\t<section class=\"elementor-section elementor-top-section elementor-element elementor-element-452d24ca cs-section-content-fullwidth cs-parallax-on-scroll cs_scroll_y_80 elementor-section-boxed elementor-section-height-default elementor-section-height-default\" data-id=\"452d24ca\" data-element_type=\"section\" data-e-type=\"section\" data-settings=\"{&quot;background_background&quot;:&quot;classic&quot;}\" data-cs-parallax-y=\"80\" style=\"background-image: none;\" data-cs-background-image=\"https:\/\/splendidpalacehotel.com\/wp-content\/uploads\/sp-rehber.jpg\" data-cs-background-image-alt-text=\"\">\n\t\t\t\t\t\t\t<div class=\"elementor-background-overlay\"><\/div>\n\t\t\t\t\t\t\t<div class=\"elementor-container elementor-column-gap-no\">\n\t\t\t\t\t<div class=\"elementor-column elementor-col-100 elementor-top-column elementor-element elementor-element-2610ecd9 dark-color\" data-id=\"2610ecd9\" data-element_type=\"column\" data-e-type=\"column\">\n\t\t\t<div class=\"elementor-widget-wrap elementor-element-populated\">\n\t\t\t\t\t\t<div class=\"elementor-element elementor-element-6d2c3b07 elementor-widget elementor-widget-cs_title\" data-id=\"6d2c3b07\" data-element_type=\"widget\" data-e-type=\"widget\" data-widget_type=\"cs_title.default\">\n\t\t\t\t<div class=\"elementor-widget-container\">\n\t\t\t\t\t\n        <div class=\"cs-title-wrap text-center\">\t            <h1 class=\"cs-title\">\n\t                Experience\t            <\/h1>        <\/div>\t\t\t\t<\/div>\n\t\t\t\t<\/div>\n\t\t\t\t\t<\/div>\n\t\t<\/div>\n\t\t\t\t\t<\/div>\n\t\t<\/section>\n\t\t\t\t<section class=\"elementor-section elementor-top-section elementor-element elementor-element-e32e173 elementor-section-full_width elementor-section-height-default elementor-section-height-default\" data-id=\"e32e173\" data-element_type=\"section\" data-e-type=\"section\">\n\t\t\t\t\t\t<div class=\"elementor-container elementor-column-gap-no\">\n\t\t\t\t\t<div class=\"elementor-column elementor-col-25 elementor-top-column elementor-element elementor-element-0fc2063\" data-id=\"0fc2063\" data-element_type=\"column\" data-e-type=\"column\">\n\t\t\t<div class=\"elementor-widget-wrap elementor-element-populated\">\n\t\t\t\t\t\t<div class=\"elementor-element elementor-element-e686d88 animated-fast cs-animation-medium-offset elementor-invisible elementor-widget elementor-widget-cs_call_to_action\" data-id=\"e686d88\" data-element_type=\"widget\" data-e-type=\"widget\" data-settings=\"{&quot;overlay_background&quot;:&quot;gradient&quot;,&quot;_animation&quot;:&quot;fadeInUp&quot;,&quot;_animation_delay&quot;:100}\" data-widget_type=\"cs_call_to_action.default\">\n\t\t\t\t<div class=\"elementor-widget-container\">\n\t\t\t\t\t\n\t\t<div class=\"cs-cta cta-layout-text-overlap content-bottom with-inner-border dark-color text-left cta-hover-img-zoom\">\n            <div class=\"cs-cta-wrap\">\t\t               \t<div class=\"cs-cta-img\">\n\t\t                    <img fetchpriority=\"high\" decoding=\"async\" width=\"550\" height=\"825\" src=\"https:\/\/splendidpalacehotel.com\/wp-content\/uploads\/2026\/01\/sp-havuz-550x825.jpg\" class=\"attachment-cozystay_550x9999 size-cozystay_550x9999 wp-image-2905\" alt=\"\" srcset=\"https:\/\/splendidpalacehotel.com\/wp-content\/uploads\/2026\/01\/sp-havuz-550x825.jpg 550w, https:\/\/splendidpalacehotel.com\/wp-content\/uploads\/2026\/01\/sp-havuz-200x300.jpg 200w, https:\/\/splendidpalacehotel.com\/wp-content\/uploads\/2026\/01\/sp-havuz-683x1024.jpg 683w, https:\/\/splendidpalacehotel.com\/wp-content\/uploads\/2026\/01\/sp-havuz-768x1152.jpg 768w, https:\/\/splendidpalacehotel.com\/wp-content\/uploads\/2026\/01\/sp-havuz-1024x1536.jpg 1024w, https:\/\/splendidpalacehotel.com\/wp-content\/uploads\/2026\/01\/sp-havuz-1365x2048.jpg 1365w, https:\/\/splendidpalacehotel.com\/wp-content\/uploads\/2026\/01\/sp-havuz-1920x2880.jpg 1920w, https:\/\/splendidpalacehotel.com\/wp-content\/uploads\/2026\/01\/sp-havuz-1440x2160.jpg 1440w, https:\/\/splendidpalacehotel.com\/wp-content\/uploads\/2026\/01\/sp-havuz-1200x1800.jpg 1200w, https:\/\/splendidpalacehotel.com\/wp-content\/uploads\/2026\/01\/sp-havuz-780x1170.jpg 780w, https:\/\/splendidpalacehotel.com\/wp-content\/uploads\/2026\/01\/sp-havuz-600x900.jpg 600w, https:\/\/splendidpalacehotel.com\/wp-content\/uploads\/2026\/01\/sp-havuz-370x555.jpg 370w, https:\/\/splendidpalacehotel.com\/wp-content\/uploads\/2026\/01\/sp-havuz-255x383.jpg 255w, https:\/\/splendidpalacehotel.com\/wp-content\/uploads\/2026\/01\/sp-havuz-scaled.jpg 1707w\" sizes=\"(max-width: 550px) 100vw, 550px\" \/>\t\t                <\/div>                <div class=\"cs-cta-overlay\"><\/div>\n                <div class=\"cs-cta-content\">\t\t            <h6 class=\"cs-cta-title cs-title\">\n\t\t                Pool - Bar\t\t            <\/h6>\t                <div class=\"cs-cta-btn\">\n\t                    <a class=\"button cs-btn-underline cs-btn-small cs-btn-with-icon\" role=\"button\" href=\"https:\/\/splendidpalacehotel.com\/en\/pool\/\">\n\t                        <span class=\"cs-btn-text\">Discover<\/span>\t\t\t\t            \t<span class=\"cs-btn-icon icon-arrow\"><\/span>\t                    <\/a>\n\t                <\/div>\t\t\t<\/div>                <a class=\"cs-cta-link\" href=\"https:\/\/splendidpalacehotel.com\/en\/pool\/\" aria-label=\"Call to Action Link\"><\/a>            <\/div>\n        <\/div>\t\t\t\t<\/div>\n\t\t\t\t<\/div>\n\t\t\t\t\t<\/div>\n\t\t<\/div>\n\t\t\t\t<div class=\"elementor-column elementor-col-25 elementor-top-column elementor-element elementor-element-3c4d4ad\" data-id=\"3c4d4ad\" data-element_type=\"column\" data-e-type=\"column\">\n\t\t\t<div class=\"elementor-widget-wrap elementor-element-populated\">\n\t\t\t\t\t\t<div class=\"elementor-element elementor-element-2f2e094 animated-fast cs-animation-medium-offset elementor-invisible elementor-widget elementor-widget-cs_call_to_action\" data-id=\"2f2e094\" data-element_type=\"widget\" data-e-type=\"widget\" data-settings=\"{&quot;overlay_background&quot;:&quot;gradient&quot;,&quot;_animation&quot;:&quot;fadeInUp&quot;,&quot;_animation_delay&quot;:300}\" data-widget_type=\"cs_call_to_action.default\">\n\t\t\t\t<div class=\"elementor-widget-container\">\n\t\t\t\t\t\n\t\t<div class=\"cs-cta cta-layout-text-overlap content-bottom with-inner-border dark-color text-left cta-hover-img-zoom\">\n            <div class=\"cs-cta-wrap\">\t\t               \t<div class=\"cs-cta-img\">\n\t\t                    <img decoding=\"async\" width=\"550\" height=\"824\" src=\"https:\/\/splendidpalacehotel.com\/wp-content\/uploads\/2026\/01\/sp-Red-Bar-Teras-8-550x824.jpg\" class=\"attachment-cozystay_550x9999 size-cozystay_550x9999 wp-image-3278\" alt=\"\" srcset=\"https:\/\/splendidpalacehotel.com\/wp-content\/uploads\/2026\/01\/sp-Red-Bar-Teras-8-550x824.jpg 550w, https:\/\/splendidpalacehotel.com\/wp-content\/uploads\/2026\/01\/sp-Red-Bar-Teras-8-200x300.jpg 200w, https:\/\/splendidpalacehotel.com\/wp-content\/uploads\/2026\/01\/sp-Red-Bar-Teras-8-684x1024.jpg 684w, https:\/\/splendidpalacehotel.com\/wp-content\/uploads\/2026\/01\/sp-Red-Bar-Teras-8-768x1150.jpg 768w, https:\/\/splendidpalacehotel.com\/wp-content\/uploads\/2026\/01\/sp-Red-Bar-Teras-8-1025x1536.jpg 1025w, https:\/\/splendidpalacehotel.com\/wp-content\/uploads\/2026\/01\/sp-Red-Bar-Teras-8-1367x2048.jpg 1367w, https:\/\/splendidpalacehotel.com\/wp-content\/uploads\/2026\/01\/sp-Red-Bar-Teras-8-1920x2876.jpg 1920w, https:\/\/splendidpalacehotel.com\/wp-content\/uploads\/2026\/01\/sp-Red-Bar-Teras-8-1440x2157.jpg 1440w, https:\/\/splendidpalacehotel.com\/wp-content\/uploads\/2026\/01\/sp-Red-Bar-Teras-8-1200x1798.jpg 1200w, https:\/\/splendidpalacehotel.com\/wp-content\/uploads\/2026\/01\/sp-Red-Bar-Teras-8-780x1168.jpg 780w, https:\/\/splendidpalacehotel.com\/wp-content\/uploads\/2026\/01\/sp-Red-Bar-Teras-8-600x899.jpg 600w, https:\/\/splendidpalacehotel.com\/wp-content\/uploads\/2026\/01\/sp-Red-Bar-Teras-8-370x554.jpg 370w, https:\/\/splendidpalacehotel.com\/wp-content\/uploads\/2026\/01\/sp-Red-Bar-Teras-8-255x382.jpg 255w, https:\/\/splendidpalacehotel.com\/wp-content\/uploads\/2026\/01\/sp-Red-Bar-Teras-8-scaled.jpg 1709w\" sizes=\"(max-width: 550px) 100vw, 550px\" \/>\t\t                <\/div>                <div class=\"cs-cta-overlay\"><\/div>\n                <div class=\"cs-cta-content\">\t\t            <h6 class=\"cs-cta-title cs-title\">\n\t\t                Red Bar Terrace\t\t            <\/h6>\t                <div class=\"cs-cta-btn\">\n\t                    <a class=\"button cs-btn-underline cs-btn-small cs-btn-with-icon\" role=\"button\" href=\"https:\/\/splendidpalacehotel.com\/en\/red-bar-terrace\/\">\n\t                        <span class=\"cs-btn-text\">Discover<\/span>\t\t\t\t            \t<span class=\"cs-btn-icon icon-arrow\"><\/span>\t                    <\/a>\n\t                <\/div>\t\t\t<\/div>                <a class=\"cs-cta-link\" href=\"https:\/\/splendidpalacehotel.com\/en\/red-bar-terrace\/\" aria-label=\"Call to Action Link\"><\/a>            <\/div>\n        <\/div>\t\t\t\t<\/div>\n\t\t\t\t<\/div>\n\t\t\t\t\t<\/div>\n\t\t<\/div>\n\t\t\t\t<div class=\"elementor-column elementor-col-25 elementor-top-column elementor-element elementor-element-85f4b6c\" data-id=\"85f4b6c\" data-element_type=\"column\" data-e-type=\"column\">\n\t\t\t<div class=\"elementor-widget-wrap elementor-element-populated\">\n\t\t\t\t\t\t<div class=\"elementor-element elementor-element-9d90d18 animated-fast cs-animation-medium-offset elementor-invisible elementor-widget elementor-widget-cs_call_to_action\" data-id=\"9d90d18\" data-element_type=\"widget\" data-e-type=\"widget\" data-settings=\"{&quot;overlay_background&quot;:&quot;gradient&quot;,&quot;_animation&quot;:&quot;fadeInUp&quot;,&quot;_animation_delay&quot;:500}\" data-widget_type=\"cs_call_to_action.default\">\n\t\t\t\t<div class=\"elementor-widget-container\">\n\t\t\t\t\t\n\t\t<div class=\"cs-cta cta-layout-text-overlap content-bottom with-inner-border dark-color text-left cta-hover-img-zoom\">\n            <div class=\"cs-cta-wrap\">\t\t               \t<div class=\"cs-cta-img\">\n\t\t                    <img decoding=\"async\" width=\"550\" height=\"825\" src=\"https:\/\/splendidpalacehotel.com\/wp-content\/uploads\/2026\/01\/sp-spa-kapak-550x825.png\" class=\"attachment-cozystay_550x9999 size-cozystay_550x9999 wp-image-3296\" alt=\"\" srcset=\"https:\/\/splendidpalacehotel.com\/wp-content\/uploads\/2026\/01\/sp-spa-kapak-550x825.png 550w, https:\/\/splendidpalacehotel.com\/wp-content\/uploads\/2026\/01\/sp-spa-kapak-200x300.png 200w, https:\/\/splendidpalacehotel.com\/wp-content\/uploads\/2026\/01\/sp-spa-kapak-683x1024.png 683w, https:\/\/splendidpalacehotel.com\/wp-content\/uploads\/2026\/01\/sp-spa-kapak-768x1152.png 768w, https:\/\/splendidpalacehotel.com\/wp-content\/uploads\/2026\/01\/sp-spa-kapak-780x1170.png 780w, https:\/\/splendidpalacehotel.com\/wp-content\/uploads\/2026\/01\/sp-spa-kapak-600x900.png 600w, https:\/\/splendidpalacehotel.com\/wp-content\/uploads\/2026\/01\/sp-spa-kapak-370x555.png 370w, https:\/\/splendidpalacehotel.com\/wp-content\/uploads\/2026\/01\/sp-spa-kapak-255x383.png 255w, https:\/\/splendidpalacehotel.com\/wp-content\/uploads\/2026\/01\/sp-spa-kapak.png 1024w\" sizes=\"(max-width: 550px) 100vw, 550px\" \/>\t\t                <\/div>                <div class=\"cs-cta-overlay\"><\/div>\n                <div class=\"cs-cta-content\">\t\t            <h6 class=\"cs-cta-title cs-title\">\n\t\t                Splendid Island Rituals\t\t            <\/h6>\t                <div class=\"cs-cta-btn\">\n\t                    <a class=\"button cs-btn-underline cs-btn-small cs-btn-with-icon\" role=\"button\" href=\"https:\/\/splendidpalacehotel.com\/en\/splendid-ada-rituelleri\/\">\n\t                        <span class=\"cs-btn-text\">Discover<\/span>\t\t\t\t            \t<span class=\"cs-btn-icon icon-arrow\"><\/span>\t                    <\/a>\n\t                <\/div>\t\t\t<\/div>                <a class=\"cs-cta-link\" href=\"https:\/\/splendidpalacehotel.com\/en\/splendid-ada-rituelleri\/\" aria-label=\"Call to Action Link\"><\/a>            <\/div>\n        <\/div>\t\t\t\t<\/div>\n\t\t\t\t<\/div>\n\t\t\t\t\t<\/div>\n\t\t<\/div>\n\t\t\t\t<div class=\"elementor-column elementor-col-25 elementor-top-column elementor-element elementor-element-1da78c6\" data-id=\"1da78c6\" data-element_type=\"column\" data-e-type=\"column\">\n\t\t\t<div class=\"elementor-widget-wrap elementor-element-populated\">\n\t\t\t\t\t\t<div class=\"elementor-element elementor-element-424ff48 animated-fast cs-animation-medium-offset elementor-invisible elementor-widget elementor-widget-cs_call_to_action\" data-id=\"424ff48\" data-element_type=\"widget\" data-e-type=\"widget\" data-settings=\"{&quot;overlay_background&quot;:&quot;gradient&quot;,&quot;_animation&quot;:&quot;fadeInUp&quot;,&quot;_animation_delay&quot;:700}\" data-widget_type=\"cs_call_to_action.default\">\n\t\t\t\t<div class=\"elementor-widget-container\">\n\t\t\t\t\t\n\t\t<div class=\"cs-cta cta-layout-text-overlap content-bottom with-inner-border dark-color text-left cta-hover-img-zoom\">\n            <div class=\"cs-cta-wrap\">\t\t               \t<div class=\"cs-cta-img\">\n\t\t                    <img loading=\"lazy\" decoding=\"async\" width=\"550\" height=\"824\" src=\"https:\/\/splendidpalacehotel.com\/wp-content\/uploads\/sp-buyukada-550x824.jpg\" class=\"attachment-cozystay_550x9999 size-cozystay_550x9999 wp-image-4198\" alt=\"\" srcset=\"https:\/\/splendidpalacehotel.com\/wp-content\/uploads\/sp-buyukada-550x824.jpg 550w, https:\/\/splendidpalacehotel.com\/wp-content\/uploads\/sp-buyukada-200x300.jpg 200w, https:\/\/splendidpalacehotel.com\/wp-content\/uploads\/sp-buyukada-683x1024.jpg 683w, https:\/\/splendidpalacehotel.com\/wp-content\/uploads\/sp-buyukada-768x1151.jpg 768w, https:\/\/splendidpalacehotel.com\/wp-content\/uploads\/sp-buyukada-1025x1536.jpg 1025w, https:\/\/splendidpalacehotel.com\/wp-content\/uploads\/sp-buyukada-1366x2048.jpg 1366w, https:\/\/splendidpalacehotel.com\/wp-content\/uploads\/sp-buyukada-1440x2158.jpg 1440w, https:\/\/splendidpalacehotel.com\/wp-content\/uploads\/sp-buyukada-1200x1799.jpg 1200w, https:\/\/splendidpalacehotel.com\/wp-content\/uploads\/sp-buyukada-780x1169.jpg 780w, https:\/\/splendidpalacehotel.com\/wp-content\/uploads\/sp-buyukada-600x899.jpg 600w, https:\/\/splendidpalacehotel.com\/wp-content\/uploads\/sp-buyukada-370x555.jpg 370w, https:\/\/splendidpalacehotel.com\/wp-content\/uploads\/sp-buyukada-255x382.jpg 255w, https:\/\/splendidpalacehotel.com\/wp-content\/uploads\/sp-buyukada.jpg 1708w\" sizes=\"(max-width: 550px) 100vw, 550px\" \/>\t\t                <\/div>                <div class=\"cs-cta-overlay\"><\/div>\n                <div class=\"cs-cta-content\">\t\t            <h6 class=\"cs-cta-title cs-title\">\n\t\t                Contact - Guide\t\t            <\/h6>\t                <div class=\"cs-cta-btn\">\n\t                    <a class=\"button cs-btn-underline cs-btn-small cs-btn-with-icon\" role=\"button\" href=\"https:\/\/splendidpalacehotel.com\/en\/access-to-buyukada\/\">\n\t                        <span class=\"cs-btn-text\">Discover<\/span>\t\t\t\t            \t<span class=\"cs-btn-icon icon-arrow\"><\/span>\t                    <\/a>\n\t                <\/div>\t\t\t<\/div>                <a class=\"cs-cta-link\" href=\"https:\/\/splendidpalacehotel.com\/en\/access-to-buyukada\/\" aria-label=\"Call to Action Link\"><\/a>            <\/div>\n        <\/div>\t\t\t\t<\/div>\n\t\t\t\t<\/div>\n\t\t\t\t\t<\/div>\n\t\t<\/div>\n\t\t\t\t\t<\/div>\n\t\t<\/section>\n\t\t\t\t<\/div>\n\t\t","protected":false},"excerpt":{"rendered":"<p>Experience Pool &#8211; Bar Discover Red Bar Terrace Discover Splendid Island Rituals Discover Contact &#8211; Guide Discover<\/p>\n","protected":false},"author":2,"featured_media":0,"parent":0,"menu_order":0,"comment_status":"closed","ping_status":"closed","template":"template-wide-content.php","meta":{"cozystay_single_page_hide_site_header":"","cozystay_single_page_site_header_source":"","cozystay_single_page_custom_site_header":"0","cozystay_single_page_custom_sticky_site_header":"0","cozystay_single_page_hide_page_title":"on","cozystay_single_page_header_section_size":"","cozystay_single_page_header_background_color":"","cozystay_single_page_header_background_position_x":"center","cozystay_single_page_header_background_position_y":"center","cozystay_single_page_header_background_size":"cover","cozystay_single_page_header_background_repeat":"off","cozystay_single_page_header_background_scroll":"on","cozystay_single_page_header_text_color":"","cozystay_single_page_header_show_breadcrumb":"","cozystay_single_page_site_footer_hide_main":"","cozystay_single_custom_site_footer_main_source":"","cozystay_single_custom_site_footer_main":"0","cozystay_single_page_site_footer_hide_above":"","cozystay_single_custom_site_footer_above_source":"","cozystay_single_custom_site_footer_above":"0","cozystay_single_page_site_footer_hide_instagram":"","cozystay_single_page_site_footer_hide_bottom":"","cozystay_single_custom_mobile_menu_source":"","cozystay_single_custom_mobile_menu":"0","cozystay_single_custom_mobile_menu_animation":"","cozystay_single_custom_mobile_menu_width":"","cozystay_single_custom_mobile_menu_custom_width":375,"footnotes":""},"class_list":["post-4896","page","type-page","status-publish","hentry"],"yoast_head":"<!-- This site is optimized with the Yoast SEO plugin v27.3 - https:\/\/yoast.com\/product\/yoast-seo-wordpress\/ -->\n<title>Experience - Splendid Palace Hotel<\/title>\n<meta name=\"robots\" content=\"index, follow, max-snippet:-1, max-image-preview:large, max-video-preview:-1\" \/>\n<link rel=\"canonical\" href=\"https:\/\/splendidpalacehotel.com\/en\/experience\/\" \/>\n<meta property=\"og:locale\" content=\"en_US\" \/>\n<meta property=\"og:type\" content=\"article\" \/>\n<meta property=\"og:title\" content=\"Experience - Splendid Palace Hotel\" \/>\n<meta property=\"og:description\" content=\"Experience Pool &#8211; Bar Discover Red Bar Terrace Discover Splendid Island Rituals Discover Contact &#8211; Guide Discover\" \/>\n<meta property=\"og:url\" content=\"https:\/\/splendidpalacehotel.com\/en\/experience\/\" \/>\n<meta property=\"og:site_name\" content=\"Splendid Palace Hotel\" \/>\n<meta property=\"article:modified_time\" content=\"2026-04-09T07:46:24+00:00\" \/>\n<meta property=\"og:image\" content=\"https:\/\/splendidpalacehotel.com\/wp-content\/uploads\/2026\/01\/sp-havuz-scaled.jpg\" \/>\n\t<meta property=\"og:image:width\" content=\"1707\" \/>\n\t<meta property=\"og:image:height\" content=\"2560\" \/>\n\t<meta property=\"og:image:type\" content=\"image\/jpeg\" \/>\n<meta name=\"twitter:card\" content=\"summary_large_image\" \/>\n<meta name=\"twitter:label1\" content=\"Est. reading time\" \/>\n\t<meta name=\"twitter:data1\" content=\"1 minute\" \/>\n<script type=\"application\/ld+json\" class=\"yoast-schema-graph\">{\"@context\":\"https:\\\/\\\/schema.org\",\"@graph\":[{\"@type\":\"WebPage\",\"@id\":\"https:\\\/\\\/splendidpalacehotel.com\\\/en\\\/experience\\\/\",\"url\":\"https:\\\/\\\/splendidpalacehotel.com\\\/en\\\/experience\\\/\",\"name\":\"Experience - Splendid Palace Hotel\",\"isPartOf\":{\"@id\":\"https:\\\/\\\/splendidpalacehotel.com\\\/en\\\/#website\"},\"primaryImageOfPage\":{\"@id\":\"https:\\\/\\\/splendidpalacehotel.com\\\/en\\\/experience\\\/#primaryimage\"},\"image\":{\"@id\":\"https:\\\/\\\/splendidpalacehotel.com\\\/en\\\/experience\\\/#primaryimage\"},\"thumbnailUrl\":\"https:\\\/\\\/splendidpalacehotel.com\\\/wp-content\\\/uploads\\\/2026\\\/01\\\/sp-havuz-550x825.jpg\",\"datePublished\":\"2026-03-13T06:35:38+00:00\",\"dateModified\":\"2026-04-09T07:46:24+00:00\",\"breadcrumb\":{\"@id\":\"https:\\\/\\\/splendidpalacehotel.com\\\/en\\\/experience\\\/#breadcrumb\"},\"inLanguage\":\"en-US\",\"potentialAction\":[{\"@type\":\"ReadAction\",\"target\":[\"https:\\\/\\\/splendidpalacehotel.com\\\/en\\\/experience\\\/\"]}]},{\"@type\":\"ImageObject\",\"inLanguage\":\"en-US\",\"@id\":\"https:\\\/\\\/splendidpalacehotel.com\\\/en\\\/experience\\\/#primaryimage\",\"url\":\"https:\\\/\\\/splendidpalacehotel.com\\\/wp-content\\\/uploads\\\/2026\\\/01\\\/sp-havuz-550x825.jpg\",\"contentUrl\":\"https:\\\/\\\/splendidpalacehotel.com\\\/wp-content\\\/uploads\\\/2026\\\/01\\\/sp-havuz-550x825.jpg\"},{\"@type\":\"BreadcrumbList\",\"@id\":\"https:\\\/\\\/splendidpalacehotel.com\\\/en\\\/experience\\\/#breadcrumb\",\"itemListElement\":[{\"@type\":\"ListItem\",\"position\":1,\"name\":\"Home\",\"item\":\"https:\\\/\\\/splendidpalacehotel.com\\\/en\\\/\"},{\"@type\":\"ListItem\",\"position\":2,\"name\":\"Experience\"}]},{\"@type\":\"WebSite\",\"@id\":\"https:\\\/\\\/splendidpalacehotel.com\\\/en\\\/#website\",\"url\":\"https:\\\/\\\/splendidpalacehotel.com\\\/en\\\/\",\"name\":\"Splendid Palace Hotel\",\"description\":\"Tarihin ve Stilin Bulu\u015ftu\u011fu E\u015fsiz bir Konaklama Deneyimi\",\"publisher\":{\"@id\":\"https:\\\/\\\/splendidpalacehotel.com\\\/en\\\/#organization\"},\"potentialAction\":[{\"@type\":\"SearchAction\",\"target\":{\"@type\":\"EntryPoint\",\"urlTemplate\":\"https:\\\/\\\/splendidpalacehotel.com\\\/en\\\/?s={search_term_string}\"},\"query-input\":{\"@type\":\"PropertyValueSpecification\",\"valueRequired\":true,\"valueName\":\"search_term_string\"}}],\"inLanguage\":\"en-US\"},{\"@type\":\"Organization\",\"@id\":\"https:\\\/\\\/splendidpalacehotel.com\\\/en\\\/#organization\",\"name\":\"Splendid Palace Hotel\",\"url\":\"https:\\\/\\\/splendidpalacehotel.com\\\/en\\\/\",\"logo\":{\"@type\":\"ImageObject\",\"inLanguage\":\"en-US\",\"@id\":\"https:\\\/\\\/splendidpalacehotel.com\\\/en\\\/#\\\/schema\\\/logo\\\/image\\\/\",\"url\":\"https:\\\/\\\/splendidpalacehotel.com\\\/wp-content\\\/uploads\\\/2023\\\/08\\\/sp-main-logo.webp\",\"contentUrl\":\"https:\\\/\\\/splendidpalacehotel.com\\\/wp-content\\\/uploads\\\/2023\\\/08\\\/sp-main-logo.webp\",\"width\":1789,\"height\":1451,\"caption\":\"Splendid Palace Hotel\"},\"image\":{\"@id\":\"https:\\\/\\\/splendidpalacehotel.com\\\/en\\\/#\\\/schema\\\/logo\\\/image\\\/\"}}]}<\/script>\n<!-- \/ Yoast SEO plugin. -->","yoast_head_json":{"title":"Experience - Splendid Palace Hotel","robots":{"index":"index","follow":"follow","max-snippet":"max-snippet:-1","max-image-preview":"max-image-preview:large","max-video-preview":"max-video-preview:-1"},"canonical":"https:\/\/splendidpalacehotel.com\/en\/experience\/","og_locale":"en_US","og_type":"article","og_title":"Experience - Splendid Palace Hotel","og_description":"Experience Pool &#8211; Bar Discover Red Bar Terrace Discover Splendid Island Rituals Discover Contact &#8211; Guide Discover","og_url":"https:\/\/splendidpalacehotel.com\/en\/experience\/","og_site_name":"Splendid Palace Hotel","article_modified_time":"2026-04-09T07:46:24+00:00","og_image":[{"width":1707,"height":2560,"url":"https:\/\/splendidpalacehotel.com\/wp-content\/uploads\/2026\/01\/sp-havuz-scaled.jpg","type":"image\/jpeg"}],"twitter_card":"summary_large_image","twitter_misc":{"Est. reading time":"1 minute"},"schema":{"@context":"https:\/\/schema.org","@graph":[{"@type":"WebPage","@id":"https:\/\/splendidpalacehotel.com\/en\/experience\/","url":"https:\/\/splendidpalacehotel.com\/en\/experience\/","name":"Experience - Splendid Palace Hotel","isPartOf":{"@id":"https:\/\/splendidpalacehotel.com\/en\/#website"},"primaryImageOfPage":{"@id":"https:\/\/splendidpalacehotel.com\/en\/experience\/#primaryimage"},"image":{"@id":"https:\/\/splendidpalacehotel.com\/en\/experience\/#primaryimage"},"thumbnailUrl":"https:\/\/splendidpalacehotel.com\/wp-content\/uploads\/2026\/01\/sp-havuz-550x825.jpg","datePublished":"2026-03-13T06:35:38+00:00","dateModified":"2026-04-09T07:46:24+00:00","breadcrumb":{"@id":"https:\/\/splendidpalacehotel.com\/en\/experience\/#breadcrumb"},"inLanguage":"en-US","potentialAction":[{"@type":"ReadAction","target":["https:\/\/splendidpalacehotel.com\/en\/experience\/"]}]},{"@type":"ImageObject","inLanguage":"en-US","@id":"https:\/\/splendidpalacehotel.com\/en\/experience\/#primaryimage","url":"https:\/\/splendidpalacehotel.com\/wp-content\/uploads\/2026\/01\/sp-havuz-550x825.jpg","contentUrl":"https:\/\/splendidpalacehotel.com\/wp-content\/uploads\/2026\/01\/sp-havuz-550x825.jpg"},{"@type":"BreadcrumbList","@id":"https:\/\/splendidpalacehotel.com\/en\/experience\/#breadcrumb","itemListElement":[{"@type":"ListItem","position":1,"name":"Home","item":"https:\/\/splendidpalacehotel.com\/en\/"},{"@type":"ListItem","position":2,"name":"Experience"}]},{"@type":"WebSite","@id":"https:\/\/splendidpalacehotel.com\/en\/#website","url":"https:\/\/splendidpalacehotel.com\/en\/","name":"Splendid Palace Hotel","description":"Tarihin ve Stilin Bulu\u015ftu\u011fu E\u015fsiz bir Konaklama Deneyimi","publisher":{"@id":"https:\/\/splendidpalacehotel.com\/en\/#organization"},"potentialAction":[{"@type":"SearchAction","target":{"@type":"EntryPoint","urlTemplate":"https:\/\/splendidpalacehotel.com\/en\/?s={search_term_string}"},"query-input":{"@type":"PropertyValueSpecification","valueRequired":true,"valueName":"search_term_string"}}],"inLanguage":"en-US"},{"@type":"Organization","@id":"https:\/\/splendidpalacehotel.com\/en\/#organization","name":"Splendid Palace Hotel","url":"https:\/\/splendidpalacehotel.com\/en\/","logo":{"@type":"ImageObject","inLanguage":"en-US","@id":"https:\/\/splendidpalacehotel.com\/en\/#\/schema\/logo\/image\/","url":"https:\/\/splendidpalacehotel.com\/wp-content\/uploads\/2023\/08\/sp-main-logo.webp","contentUrl":"https:\/\/splendidpalacehotel.com\/wp-content\/uploads\/2023\/08\/sp-main-logo.webp","width":1789,"height":1451,"caption":"Splendid Palace Hotel"},"image":{"@id":"https:\/\/splendidpalacehotel.com\/en\/#\/schema\/logo\/image\/"}}]}},"_links":{"self":[{"href":"https:\/\/splendidpalacehotel.com\/en\/wp-json\/wp\/v2\/pages\/4896","targetHints":{"allow":["GET"]}}],"collection":[{"href":"https:\/\/splendidpalacehotel.com\/en\/wp-json\/wp\/v2\/pages"}],"about":[{"href":"https:\/\/splendidpalacehotel.com\/en\/wp-json\/wp\/v2\/types\/page"}],"author":[{"embeddable":true,"href":"https:\/\/splendidpalacehotel.com\/en\/wp-json\/wp\/v2\/users\/2"}],"replies":[{"embeddable":true,"href":"https:\/\/splendidpalacehotel.com\/en\/wp-json\/wp\/v2\/comments?post=4896"}],"version-history":[{"count":6,"href":"https:\/\/splendidpalacehotel.com\/en\/wp-json\/wp\/v2\/pages\/4896\/revisions"}],"predecessor-version":[{"id":5172,"href":"https:\/\/splendidpalacehotel.com\/en\/wp-json\/wp\/v2\/pages\/4896\/revisions\/5172"}],"wp:attachment":[{"href":"https:\/\/splendidpalacehotel.com\/en\/wp-json\/wp\/v2\/media?parent=4896"}],"curies":[{"name":"wp","href":"https:\/\/api.w.org\/{rel}","templated":true}]}}